{"id":896,"date":"2023-12-20T13:25:44","date_gmt":"2023-12-20T12:25:44","guid":{"rendered":"https:\/\/hylagronatura.com\/?page_id=896"},"modified":"2024-01-23T13:44:44","modified_gmt":"2024-01-23T12:44:44","slug":"seguridad-de-nuestros-equipos-a-lo-largo-del-tiempo","status":"publish","type":"page","link":"https:\/\/hylagronatura.com\/index.php\/seguridad-de-nuestros-equipos-a-lo-largo-del-tiempo\/","title":{"rendered":"Seguridad de nuestros equipos a lo largo del tiempo\u00a0"},"content":{"rendered":"\t\t<div data-elementor-type=\"wp-page\" data-elementor-id=\"896\" class=\"elementor elementor-896\">\n\t\t\t\t\t\t\t<div class=\"elementor-element elementor-element-de65aca e-con-full e-flex e-con e-parent\" data-id=\"de65aca\" data-element_type=\"container\" data-settings=\"{&quot;content_width&quot;:&quot;full&quot;}\" data-core-v316-plus=\"true\">\n\t\t\t\t<div class=\"elementor-element elementor-element-44186d3 elementor-widget elementor-widget-spacer\" data-id=\"44186d3\" data-element_type=\"widget\" data-widget_type=\"spacer.default\">\n\t\t\t\t<div class=\"elementor-widget-container\">\n\t\t\t<style>\/*! elementor - v3.16.0 - 20-09-2023 *\/\n.elementor-column .elementor-spacer-inner{height:var(--spacer-size)}.e-con{--container-widget-width:100%}.e-con-inner>.elementor-widget-spacer,.e-con>.elementor-widget-spacer{width:var(--container-widget-width,var(--spacer-size));--align-self:var(--container-widget-align-self,initial);--flex-shrink:0}.e-con-inner>.elementor-widget-spacer>.elementor-widget-container,.e-con>.elementor-widget-spacer>.elementor-widget-container{height:100%;width:100%}.e-con-inner>.elementor-widget-spacer>.elementor-widget-container>.elementor-spacer,.e-con>.elementor-widget-spacer>.elementor-widget-container>.elementor-spacer{height:100%}.e-con-inner>.elementor-widget-spacer>.elementor-widget-container>.elementor-spacer>.elementor-spacer-inner,.e-con>.elementor-widget-spacer>.elementor-widget-container>.elementor-spacer>.elementor-spacer-inner{height:var(--container-widget-height,var(--spacer-size))}.e-con-inner>.elementor-widget-spacer.elementor-widget-empty,.e-con>.elementor-widget-spacer.elementor-widget-empty{position:relative;min-height:22px;min-width:22px}.e-con-inner>.elementor-widget-spacer.elementor-widget-empty .elementor-widget-empty-icon,.e-con>.elementor-widget-spacer.elementor-widget-empty .elementor-widget-empty-icon{position:absolute;top:0;bottom:0;left:0;right:0;margin:auto;padding:0;width:22px;height:22px}<\/style>\t\t<div class=\"elementor-spacer\">\n\t\t\t<div class=\"elementor-spacer-inner\"><\/div>\n\t\t<\/div>\n\t\t\t\t<\/div>\n\t\t\t\t<\/div>\n\t\t\t\t<\/div>\n\t\t<div class=\"elementor-element elementor-element-4d1398a e-con-full e-flex e-con e-parent\" data-id=\"4d1398a\" data-element_type=\"container\" data-settings=\"{&quot;content_width&quot;:&quot;full&quot;}\" data-core-v316-plus=\"true\">\n\t\t\t\t<div class=\"elementor-element elementor-element-ff3eb27 elementor-widget elementor-widget-spacer\" data-id=\"ff3eb27\" data-element_type=\"widget\" data-widget_type=\"spacer.default\">\n\t\t\t\t<div class=\"elementor-widget-container\">\n\t\t\t\t\t<div class=\"elementor-spacer\">\n\t\t\t<div class=\"elementor-spacer-inner\"><\/div>\n\t\t<\/div>\n\t\t\t\t<\/div>\n\t\t\t\t<\/div>\n\t\t\t\t<div class=\"elementor-element elementor-element-be006a0 elementor-widget elementor-widget-text-editor\" data-id=\"be006a0\" data-element_type=\"widget\" data-widget_type=\"text-editor.default\">\n\t\t\t\t<div class=\"elementor-widget-container\">\n\t\t\t<style>\/*! elementor - v3.16.0 - 20-09-2023 *\/\n.elementor-widget-text-editor.elementor-drop-cap-view-stacked .elementor-drop-cap{background-color:#69727d;color:#fff}.elementor-widget-text-editor.elementor-drop-cap-view-framed .elementor-drop-cap{color:#69727d;border:3px solid;background-color:transparent}.elementor-widget-text-editor:not(.elementor-drop-cap-view-default) .elementor-drop-cap{margin-top:8px}.elementor-widget-text-editor:not(.elementor-drop-cap-view-default) .elementor-drop-cap-letter{width:1em;height:1em}.elementor-widget-text-editor .elementor-drop-cap{float:left;text-align:center;line-height:1;font-size:50px}.elementor-widget-text-editor .elementor-drop-cap-letter{display:inline-block}<\/style>\t\t\t\t<p style=\"text-align: justify;\">Los generadores de <strong>H&amp;L AGRONATURA<\/strong> se dise\u00f1an para un trabajo intensivo, 24h al d\u00eda, los 365 d\u00edas del a\u00f1o. La ciudadan\u00eda se ha acostumbrado a la obsolescencia de la maquinaria, populariz\u00e1ndose la importaci\u00f3n de componentes electr\u00f3nicos dom\u00e9sticos chinos de muy baja calidad y rendimiento.<\/p><p style=\"text-align: justify;\"><strong>H&amp;L AGRONATURA<\/strong> se ha mantenido siempre fiel a sus altos est\u00e1ndares de calidad industrial, no importando componentes chinos de baja calidad, sino fabricando sus propios componentes electr\u00f3nicos con una alta y probada calidad industrial, acompa\u00f1ados\u00a0de los componentes de mejor calidad para sus equipos, adquirimos componentes en Estados Unidos, Alemania e Italia.<\/p><p style=\"text-align: justify;\">Al ser una ingenier\u00eda de corte industrial no podemos permitirnos caer en esa pr\u00e1ctica que ya va siendo tan habitual de falsear los datos de producci\u00f3n de los equipos para asegurarse la venta. Si un generador produce 4.000 mg\/O3\/h, no diremos que produce 40.000 mg\/O3\/h. Ese es el motivo por el que, en tantas ocasiones, encontraremos peque\u00f1os y muy econ\u00f3micos generadores con elevadas producciones pero que, en su interior, no es posible albergar electr\u00f3nica y componentes que produzcan m\u00e1s de 500 o 1.000 mg\/O3\/h.\u00a0<\/p>\t\t\t\t\t\t<\/div>\n\t\t\t\t<\/div>\n\t\t\t\t<\/div>\n\t\t<div class=\"elementor-element elementor-element-ed43a40 e-con-full e-flex e-con e-parent\" data-id=\"ed43a40\" data-element_type=\"container\" data-settings=\"{&quot;content_width&quot;:&quot;full&quot;}\" data-core-v316-plus=\"true\">\n\t\t<div class=\"elementor-element elementor-element-ed4a8ee e-con-full e-flex e-con e-child\" data-id=\"ed4a8ee\" data-element_type=\"container\" data-settings=\"{&quot;content_width&quot;:&quot;full&quot;}\">\n\t\t\t\t<div class=\"elementor-element elementor-element-143fc87 elementor-widget elementor-widget-text-editor\" data-id=\"143fc87\" data-element_type=\"widget\" data-widget_type=\"text-editor.default\">\n\t\t\t\t<div class=\"elementor-widget-container\">\n\t\t\t\t\t\t\t<p>Grandes producciones y bajos precios siempre son un buen reclamo para la ingenuidad de los incautos que, movidos por el desconocimiento y de la imposibilidad de hacer la comparaci\u00f3n del generador con otro equipo profesional, son v\u00edctimas de la ins\u00f3lita oferta.<\/p><p style=\"text-align: justify;\"><strong>Componentes dom\u00e9sticos versus Componentes industriales<\/strong><\/p><p style=\"text-align: justify;\"><strong>Componentes electr\u00f3nicos sellados.<\/strong><\/p><p style=\"text-align: justify;\">Nuestros componentes electr\u00f3nicos son m\u00f3dulos sellados con resinas. De este modo evitamos su deterioro por efecto del polvo, la grasa y la oxidaci\u00f3n por el propio Ozono generado.<\/p>\t\t\t\t\t\t<\/div>\n\t\t\t\t<\/div>\n\t\t\t\t<\/div>\n\t\t<div class=\"elementor-element elementor-element-533bbba e-con-full e-flex e-con e-child\" data-id=\"533bbba\" data-element_type=\"container\" data-settings=\"{&quot;content_width&quot;:&quot;full&quot;}\">\n\t\t\t\t<div class=\"elementor-element elementor-element-10cb336 elementor-widget elementor-widget-image\" data-id=\"10cb336\" data-element_type=\"widget\" data-widget_type=\"image.default\">\n\t\t\t\t<div class=\"elementor-widget-container\">\n\t\t\t<style>\/*! elementor - v3.16.0 - 20-09-2023 *\/\n.elementor-widget-image{text-align:center}.elementor-widget-image a{display:inline-block}.elementor-widget-image a img[src$=\".svg\"]{width:48px}.elementor-widget-image img{vertical-align:middle;display:inline-block}<\/style>\t\t\t\t\t\t\t\t\t\t\t\t<img loading=\"lazy\" decoding=\"async\" width=\"300\" height=\"248\" src=\"https:\/\/hylagronatura.com\/wp-content\/uploads\/2023\/12\/1521-TOXICO-300x248.jpg\" class=\"attachment-medium size-medium wp-image-922\" alt=\"\" srcset=\"https:\/\/hylagronatura.com\/wp-content\/uploads\/2023\/12\/1521-TOXICO-300x248.jpg 300w, https:\/\/hylagronatura.com\/wp-content\/uploads\/2023\/12\/1521-TOXICO-768x634.jpg 768w, https:\/\/hylagronatura.com\/wp-content\/uploads\/2023\/12\/1521-TOXICO.jpg 920w\" sizes=\"auto, (max-width: 300px) 100vw, 300px\" \/>\t\t\t\t\t\t\t\t\t\t\t\t\t\t\t<\/div>\n\t\t\t\t<\/div>\n\t\t\t\t<\/div>\n\t\t\t\t<\/div>\n\t\t<div class=\"elementor-element elementor-element-67f235b e-con-full e-flex e-con e-parent\" data-id=\"67f235b\" data-element_type=\"container\" data-settings=\"{&quot;content_width&quot;:&quot;full&quot;}\" data-core-v316-plus=\"true\">\n\t\t\t\t<div class=\"elementor-element elementor-element-5768623 elementor-widget elementor-widget-text-editor\" data-id=\"5768623\" data-element_type=\"widget\" data-widget_type=\"text-editor.default\">\n\t\t\t\t<div class=\"elementor-widget-container\">\n\t\t\t\t\t\t\t<p style=\"text-align: justify;\"><strong>NO usamos los t\u00f3xicos reactores Cer\u00e1micos<\/strong><\/p><p style=\"text-align: justify;\">El \u00f3xido de aluminio (Al2O3), com\u00fanmente conocido como al\u00famina, junto con la s\u00edlice son los componentes m\u00e1s importantes en la constituci\u00f3n de las arcillas.<\/p><p style=\"text-align: justify;\">La al\u00famina se utiliza frecuentemente como una cer\u00e1mica de ingenier\u00eda debido a su alto rendimiento combinado con un precio muy asequible. Se podr\u00eda decir que es uno de los materiales cer\u00e1micos m\u00e1s rentables, siendo por ello uno de los m\u00e1s utilizados. El aluminio es un metal pesado muy t\u00f3xico para el organismo, tanto si se respira, como si se ingiere.<\/p><p style=\"text-align: justify;\">El aluminio que compone las placas cer\u00e1micas se degrada r\u00e1pidamente en contacto con el Ozono, siendo muy peligroso para la salud utilizar el aire ozonizado generado con reactores cer\u00e1micos. H&amp;L AGRONATURA est\u00e1 libre de aluminio, no utiliza reactores cer\u00e1micos para sus generadores, sino que los fabrica en acero inoxidable de alta calidad y tambi\u00e9n utiliza Vidrio Borosilicato de alta calidad. De este modo, estos reactores no degradan la salud cuando se respira o se tiene contacto con ese Ozono generado de forma totalmente saludable.<\/p><p><strong>SIN obsolescencia programada<\/strong><\/p><p style=\"text-align: justify;\">El coraz\u00f3n de los modelos monta un reactor en acero inoxidable, que prolongan su vida \u00fatil de forma casi indefinida. El resto de marcas suele utilizar reactores producidos con placas cer\u00e1micas (la arcilla o barro es su materia prima y las part\u00edculas de aluminio que lo componen reaccionan con el Ozono, desprendiendo \u00f3xido de aluminio, degrad\u00e1ndose r\u00e1pidamente). En un primer momento, las placas cer\u00e1micas ofrecer\u00e1n una buena producci\u00f3n de Ozono, pero en breve, \u00e9sta se ver\u00e1 dr\u00e1sticamente reducida y las l\u00e1mparas dif\u00edcilmente superaran una vida \u00fatil efectiva. Los comerciales acabaran culpando a la cal o a la dureza del agua, al calor o la grasa en la cocina su mal funcionamiento y comenzara la continua substituci\u00f3n de componentes y el olvido pues las garant\u00edas no cubren esos problemas.<\/p><p style=\"text-align: justify;\">envejecimiento prematuro de sus componentes internos. Los reactores de los generadores <strong>H&amp;L AGRONATURA<\/strong>\u00a0est\u00e1n dise\u00f1ados para una limpieza y mantenimiento f\u00e1cil, eficiente y resistente al paso del tiempo.<\/p>\t\t\t\t\t\t<\/div>\n\t\t\t\t<\/div>\n\t\t\t\t<\/div>\n\t\t\t\t\t\t\t<\/div>\n\t\t","protected":false},"excerpt":{"rendered":"<p>Los generadores de H&amp;L AGRONATURA se dise\u00f1an para un trabajo intensivo, 24h al d\u00eda, los 365 d\u00edas del a\u00f1o. La ciudadan\u00eda se ha acostumbrado a la obsolescencia de la maquinaria, populariz\u00e1ndose la importaci\u00f3n de componentes electr\u00f3nicos dom\u00e9sticos chinos de muy baja calidad y rendimiento. H&amp;L AGRONATURA se ha mantenido siempre fiel a sus altos est\u00e1ndares [&hellip;]<\/p>\n","protected":false},"author":1,"featured_media":0,"parent":0,"menu_order":0,"comment_status":"closed","ping_status":"closed","template":"","meta":{"_joinchat":[],"footnotes":""},"class_list":["post-896","page","type-page","status-publish","hentry"],"aioseo_notices":[],"_links":{"self":[{"href":"https:\/\/hylagronatura.com\/index.php\/wp-json\/wp\/v2\/pages\/896","targetHints":{"allow":["GET"]}}],"collection":[{"href":"https:\/\/hylagronatura.com\/index.php\/wp-json\/wp\/v2\/pages"}],"about":[{"href":"https:\/\/hylagronatura.com\/index.php\/wp-json\/wp\/v2\/types\/page"}],"author":[{"embeddable":true,"href":"https:\/\/hylagronatura.com\/index.php\/wp-json\/wp\/v2\/users\/1"}],"replies":[{"embeddable":true,"href":"https:\/\/hylagronatura.com\/index.php\/wp-json\/wp\/v2\/comments?post=896"}],"version-history":[{"count":25,"href":"https:\/\/hylagronatura.com\/index.php\/wp-json\/wp\/v2\/pages\/896\/revisions"}],"predecessor-version":[{"id":1394,"href":"https:\/\/hylagronatura.com\/index.php\/wp-json\/wp\/v2\/pages\/896\/revisions\/1394"}],"wp:attachment":[{"href":"https:\/\/hylagronatura.com\/index.php\/wp-json\/wp\/v2\/media?parent=896"}],"curies":[{"name":"wp","href":"https:\/\/api.w.org\/{rel}","templated":true}]}}