{"id":882,"date":"2023-12-20T13:18:19","date_gmt":"2023-12-20T12:18:19","guid":{"rendered":"https:\/\/hylagronatura.com\/?page_id=882"},"modified":"2024-01-23T12:31:39","modified_gmt":"2024-01-23T11:31:39","slug":"compromiso-con-el-medio-ambiente","status":"publish","type":"page","link":"https:\/\/hylagronatura.com\/index.php\/compromiso-con-el-medio-ambiente\/","title":{"rendered":"Compromiso con el medio ambiente"},"content":{"rendered":"\t\t<div data-elementor-type=\"wp-page\" data-elementor-id=\"882\" class=\"elementor elementor-882\">\n\t\t\t\t\t\t\t<div class=\"elementor-element elementor-element-1ebb327 e-flex e-con-boxed e-con e-parent\" data-id=\"1ebb327\" data-element_type=\"container\" data-settings=\"{&quot;content_width&quot;:&quot;boxed&quot;}\" data-core-v316-plus=\"true\">\n\t\t\t\t\t<div class=\"e-con-inner\">\n\t\t\t\t<div class=\"elementor-element elementor-element-07fdab5 elementor-widget elementor-widget-spacer\" data-id=\"07fdab5\" data-element_type=\"widget\" data-widget_type=\"spacer.default\">\n\t\t\t\t<div class=\"elementor-widget-container\">\n\t\t\t<style>\/*! elementor - v3.16.0 - 20-09-2023 *\/\n.elementor-column .elementor-spacer-inner{height:var(--spacer-size)}.e-con{--container-widget-width:100%}.e-con-inner>.elementor-widget-spacer,.e-con>.elementor-widget-spacer{width:var(--container-widget-width,var(--spacer-size));--align-self:var(--container-widget-align-self,initial);--flex-shrink:0}.e-con-inner>.elementor-widget-spacer>.elementor-widget-container,.e-con>.elementor-widget-spacer>.elementor-widget-container{height:100%;width:100%}.e-con-inner>.elementor-widget-spacer>.elementor-widget-container>.elementor-spacer,.e-con>.elementor-widget-spacer>.elementor-widget-container>.elementor-spacer{height:100%}.e-con-inner>.elementor-widget-spacer>.elementor-widget-container>.elementor-spacer>.elementor-spacer-inner,.e-con>.elementor-widget-spacer>.elementor-widget-container>.elementor-spacer>.elementor-spacer-inner{height:var(--container-widget-height,var(--spacer-size))}.e-con-inner>.elementor-widget-spacer.elementor-widget-empty,.e-con>.elementor-widget-spacer.elementor-widget-empty{position:relative;min-height:22px;min-width:22px}.e-con-inner>.elementor-widget-spacer.elementor-widget-empty .elementor-widget-empty-icon,.e-con>.elementor-widget-spacer.elementor-widget-empty .elementor-widget-empty-icon{position:absolute;top:0;bottom:0;left:0;right:0;margin:auto;padding:0;width:22px;height:22px}<\/style>\t\t<div class=\"elementor-spacer\">\n\t\t\t<div class=\"elementor-spacer-inner\"><\/div>\n\t\t<\/div>\n\t\t\t\t<\/div>\n\t\t\t\t<\/div>\n\t\t\t\t\t<\/div>\n\t\t\t\t<\/div>\n\t\t<div class=\"elementor-element elementor-element-1f67d5c e-con-full e-flex e-con e-parent\" data-id=\"1f67d5c\" data-element_type=\"container\" data-settings=\"{&quot;content_width&quot;:&quot;full&quot;}\" data-core-v316-plus=\"true\">\n\t\t\t\t<div class=\"elementor-element elementor-element-1dba917 elementor-widget__width-inherit elementor-widget elementor-widget-heading\" data-id=\"1dba917\" data-element_type=\"widget\" data-widget_type=\"heading.default\">\n\t\t\t\t<div class=\"elementor-widget-container\">\n\t\t\t<style>\/*! elementor - v3.16.0 - 20-09-2023 *\/\n.elementor-heading-title{padding:0;margin:0;line-height:1}.elementor-widget-heading .elementor-heading-title[class*=elementor-size-]>a{color:inherit;font-size:inherit;line-height:inherit}.elementor-widget-heading .elementor-heading-title.elementor-size-small{font-size:15px}.elementor-widget-heading .elementor-heading-title.elementor-size-medium{font-size:19px}.elementor-widget-heading .elementor-heading-title.elementor-size-large{font-size:29px}.elementor-widget-heading .elementor-heading-title.elementor-size-xl{font-size:39px}.elementor-widget-heading .elementor-heading-title.elementor-size-xxl{font-size:59px}<\/style><h2 class=\"elementor-heading-title elementor-size-default\">Compromiso con el medio ambiente<\/h2>\t\t<\/div>\n\t\t\t\t<\/div>\n\t\t\t\t<\/div>\n\t\t<div class=\"elementor-element elementor-element-ddd5eb6 e-con-full e-flex e-con e-parent\" data-id=\"ddd5eb6\" data-element_type=\"container\" data-settings=\"{&quot;content_width&quot;:&quot;full&quot;}\" data-core-v316-plus=\"true\">\n\t\t<div class=\"elementor-element elementor-element-0efeebb e-con-full e-flex e-con e-child\" data-id=\"0efeebb\" data-element_type=\"container\" data-settings=\"{&quot;content_width&quot;:&quot;full&quot;}\">\n\t\t\t\t<div class=\"elementor-element elementor-element-9d35302 elementor-widget elementor-widget-text-editor\" data-id=\"9d35302\" data-element_type=\"widget\" data-widget_type=\"text-editor.default\">\n\t\t\t\t<div class=\"elementor-widget-container\">\n\t\t\t<style>\/*! elementor - v3.16.0 - 20-09-2023 *\/\n.elementor-widget-text-editor.elementor-drop-cap-view-stacked .elementor-drop-cap{background-color:#69727d;color:#fff}.elementor-widget-text-editor.elementor-drop-cap-view-framed .elementor-drop-cap{color:#69727d;border:3px solid;background-color:transparent}.elementor-widget-text-editor:not(.elementor-drop-cap-view-default) .elementor-drop-cap{margin-top:8px}.elementor-widget-text-editor:not(.elementor-drop-cap-view-default) .elementor-drop-cap-letter{width:1em;height:1em}.elementor-widget-text-editor .elementor-drop-cap{float:left;text-align:center;line-height:1;font-size:50px}.elementor-widget-text-editor .elementor-drop-cap-letter{display:inline-block}<\/style>\t\t\t\t<p>Con la reducci\u00f3n de productos qu\u00edmicos y sus envases pl\u00e1sticos contribuimos al cuidado medio ambiental, eliminando vertidos por nuestras tuber\u00edas y que m\u00e1s tarde acabar\u00edan en nuestros suelos, r\u00edos o mares causando un da\u00f1o dif\u00edcil de reparar.<\/p><p>De esta manera, sin esfuerzo y obteniendo beneficios antes explicados, estamos dando soluci\u00f3n a un problema actual en nuestro pa\u00eds y en el mundo entero. Todo esto, lo conseguimos, sin cambio en los h\u00e1bitos de limpieza y desinfecci\u00f3n en nuestra empresa, sin ning\u00fan tipo de coste adicional, sino que adem\u00e1s, lo conseguimos reduciendo los costes.\u00a0<\/p><p>Conservar la naturaleza ahora es mas f\u00e1cil y sin esfuerzo.<\/p>\t\t\t\t\t\t<\/div>\n\t\t\t\t<\/div>\n\t\t\t\t<\/div>\n\t\t<div class=\"elementor-element elementor-element-5d6de91 e-con-full e-flex e-con e-child\" data-id=\"5d6de91\" data-element_type=\"container\" data-settings=\"{&quot;content_width&quot;:&quot;full&quot;}\">\n\t\t\t\t<div class=\"elementor-element elementor-element-daa12f3 elementor-widget elementor-widget-image\" data-id=\"daa12f3\" data-element_type=\"widget\" data-widget_type=\"image.default\">\n\t\t\t\t<div class=\"elementor-widget-container\">\n\t\t\t<style>\/*! elementor - v3.16.0 - 20-09-2023 *\/\n.elementor-widget-image{text-align:center}.elementor-widget-image a{display:inline-block}.elementor-widget-image a img[src$=\".svg\"]{width:48px}.elementor-widget-image img{vertical-align:middle;display:inline-block}<\/style>\t\t\t\t\t\t\t\t\t\t\t\t<img loading=\"lazy\" decoding=\"async\" width=\"625\" height=\"426\" src=\"https:\/\/hylagronatura.com\/wp-content\/uploads\/2024\/01\/medio-am.png\" class=\"attachment-medium_large size-medium_large wp-image-1370\" alt=\"\" srcset=\"https:\/\/hylagronatura.com\/wp-content\/uploads\/2024\/01\/medio-am.png 625w, https:\/\/hylagronatura.com\/wp-content\/uploads\/2024\/01\/medio-am-300x204.png 300w\" sizes=\"auto, (max-width: 625px) 100vw, 625px\" \/>\t\t\t\t\t\t\t\t\t\t\t\t\t\t\t<\/div>\n\t\t\t\t<\/div>\n\t\t\t\t<\/div>\n\t\t\t\t<\/div>\n\t\t<div class=\"elementor-element elementor-element-93dec63 e-flex e-con-boxed e-con e-parent\" data-id=\"93dec63\" data-element_type=\"container\" data-settings=\"{&quot;content_width&quot;:&quot;boxed&quot;}\" data-core-v316-plus=\"true\">\n\t\t\t\t\t<div class=\"e-con-inner\">\n\t\t\t\t<div class=\"elementor-element elementor-element-5e46ff0 elementor-widget elementor-widget-spacer\" data-id=\"5e46ff0\" data-element_type=\"widget\" data-widget_type=\"spacer.default\">\n\t\t\t\t<div class=\"elementor-widget-container\">\n\t\t\t\t\t<div class=\"elementor-spacer\">\n\t\t\t<div class=\"elementor-spacer-inner\"><\/div>\n\t\t<\/div>\n\t\t\t\t<\/div>\n\t\t\t\t<\/div>\n\t\t\t\t\t<\/div>\n\t\t\t\t<\/div>\n\t\t\t\t\t\t\t<\/div>\n\t\t","protected":false},"excerpt":{"rendered":"<p>Compromiso con el medio ambiente Con la reducci\u00f3n de productos qu\u00edmicos y sus envases pl\u00e1sticos contribuimos al cuidado medio ambiental, eliminando vertidos por nuestras tuber\u00edas y que m\u00e1s tarde acabar\u00edan en nuestros suelos, r\u00edos o mares causando un da\u00f1o dif\u00edcil de reparar. De esta manera, sin esfuerzo y obteniendo beneficios antes explicados, estamos dando soluci\u00f3n [&hellip;]<\/p>\n","protected":false},"author":1,"featured_media":0,"parent":0,"menu_order":0,"comment_status":"closed","ping_status":"closed","template":"","meta":{"_joinchat":[],"footnotes":""},"class_list":["post-882","page","type-page","status-publish","hentry"],"aioseo_notices":[],"_links":{"self":[{"href":"https:\/\/hylagronatura.com\/index.php\/wp-json\/wp\/v2\/pages\/882","targetHints":{"allow":["GET"]}}],"collection":[{"href":"https:\/\/hylagronatura.com\/index.php\/wp-json\/wp\/v2\/pages"}],"about":[{"href":"https:\/\/hylagronatura.com\/index.php\/wp-json\/wp\/v2\/types\/page"}],"author":[{"embeddable":true,"href":"https:\/\/hylagronatura.com\/index.php\/wp-json\/wp\/v2\/users\/1"}],"replies":[{"embeddable":true,"href":"https:\/\/hylagronatura.com\/index.php\/wp-json\/wp\/v2\/comments?post=882"}],"version-history":[{"count":10,"href":"https:\/\/hylagronatura.com\/index.php\/wp-json\/wp\/v2\/pages\/882\/revisions"}],"predecessor-version":[{"id":1376,"href":"https:\/\/hylagronatura.com\/index.php\/wp-json\/wp\/v2\/pages\/882\/revisions\/1376"}],"wp:attachment":[{"href":"https:\/\/hylagronatura.com\/index.php\/wp-json\/wp\/v2\/media?parent=882"}],"curies":[{"name":"wp","href":"https:\/\/api.w.org\/{rel}","templated":true}]}}