{"id":814,"date":"2023-12-19T19:21:35","date_gmt":"2023-12-19T18:21:35","guid":{"rendered":"https:\/\/hylagronatura.com\/?page_id=814"},"modified":"2024-01-23T14:03:17","modified_gmt":"2024-01-23T13:03:17","slug":"limpieza-y-desinfeccion-de-superficies","status":"publish","type":"page","link":"https:\/\/hylagronatura.com\/index.php\/limpieza-y-desinfeccion-de-superficies\/","title":{"rendered":"Limpieza y desinfecci\u00f3n de superficies"},"content":{"rendered":"\t\t<div data-elementor-type=\"wp-page\" data-elementor-id=\"814\" class=\"elementor elementor-814\">\n\t\t\t\t\t\t\t<div class=\"elementor-element elementor-element-5924d2d e-con-full e-flex e-con e-parent\" data-id=\"5924d2d\" data-element_type=\"container\" data-settings=\"{&quot;content_width&quot;:&quot;full&quot;}\" data-core-v316-plus=\"true\">\n\t\t\t\t<div class=\"elementor-element elementor-element-24b784e elementor-widget elementor-widget-spacer\" data-id=\"24b784e\" data-element_type=\"widget\" data-widget_type=\"spacer.default\">\n\t\t\t\t<div class=\"elementor-widget-container\">\n\t\t\t<style>\/*! elementor - v3.16.0 - 20-09-2023 *\/\n.elementor-column .elementor-spacer-inner{height:var(--spacer-size)}.e-con{--container-widget-width:100%}.e-con-inner>.elementor-widget-spacer,.e-con>.elementor-widget-spacer{width:var(--container-widget-width,var(--spacer-size));--align-self:var(--container-widget-align-self,initial);--flex-shrink:0}.e-con-inner>.elementor-widget-spacer>.elementor-widget-container,.e-con>.elementor-widget-spacer>.elementor-widget-container{height:100%;width:100%}.e-con-inner>.elementor-widget-spacer>.elementor-widget-container>.elementor-spacer,.e-con>.elementor-widget-spacer>.elementor-widget-container>.elementor-spacer{height:100%}.e-con-inner>.elementor-widget-spacer>.elementor-widget-container>.elementor-spacer>.elementor-spacer-inner,.e-con>.elementor-widget-spacer>.elementor-widget-container>.elementor-spacer>.elementor-spacer-inner{height:var(--container-widget-height,var(--spacer-size))}.e-con-inner>.elementor-widget-spacer.elementor-widget-empty,.e-con>.elementor-widget-spacer.elementor-widget-empty{position:relative;min-height:22px;min-width:22px}.e-con-inner>.elementor-widget-spacer.elementor-widget-empty .elementor-widget-empty-icon,.e-con>.elementor-widget-spacer.elementor-widget-empty .elementor-widget-empty-icon{position:absolute;top:0;bottom:0;left:0;right:0;margin:auto;padding:0;width:22px;height:22px}<\/style>\t\t<div class=\"elementor-spacer\">\n\t\t\t<div class=\"elementor-spacer-inner\"><\/div>\n\t\t<\/div>\n\t\t\t\t<\/div>\n\t\t\t\t<\/div>\n\t\t\t\t<\/div>\n\t\t<div class=\"elementor-element elementor-element-0e5d66a e-con-full e-flex e-con e-parent\" data-id=\"0e5d66a\" data-element_type=\"container\" data-settings=\"{&quot;content_width&quot;:&quot;full&quot;}\" data-core-v316-plus=\"true\">\n\t\t\t\t<div class=\"elementor-element elementor-element-1d377ab elementor-widget elementor-widget-spacer\" data-id=\"1d377ab\" data-element_type=\"widget\" data-widget_type=\"spacer.default\">\n\t\t\t\t<div class=\"elementor-widget-container\">\n\t\t\t\t\t<div class=\"elementor-spacer\">\n\t\t\t<div class=\"elementor-spacer-inner\"><\/div>\n\t\t<\/div>\n\t\t\t\t<\/div>\n\t\t\t\t<\/div>\n\t\t\t\t<div class=\"elementor-element elementor-element-fb7c6e0 elementor-widget elementor-widget-text-editor\" data-id=\"fb7c6e0\" data-element_type=\"widget\" data-widget_type=\"text-editor.default\">\n\t\t\t\t<div class=\"elementor-widget-container\">\n\t\t\t<style>\/*! elementor - v3.16.0 - 20-09-2023 *\/\n.elementor-widget-text-editor.elementor-drop-cap-view-stacked .elementor-drop-cap{background-color:#69727d;color:#fff}.elementor-widget-text-editor.elementor-drop-cap-view-framed .elementor-drop-cap{color:#69727d;border:3px solid;background-color:transparent}.elementor-widget-text-editor:not(.elementor-drop-cap-view-default) .elementor-drop-cap{margin-top:8px}.elementor-widget-text-editor:not(.elementor-drop-cap-view-default) .elementor-drop-cap-letter{width:1em;height:1em}.elementor-widget-text-editor .elementor-drop-cap{float:left;text-align:center;line-height:1;font-size:50px}.elementor-widget-text-editor .elementor-drop-cap-letter{display:inline-block}<\/style>\t\t\t\t<p style=\"text-align: justify;\">El agua ozonizada presenta una gran capacidad de oxidaci\u00f3n desempe\u00f1ando un papel muy activo en el proceso de desinfecci\u00f3n y limpieza. <strong>La Organizaci\u00f3n Mundial de la Salud<\/strong> (OMS) y la Internacional <b>Standards For Drinking Water<\/b> (SFDW), afirman que con valores de 650 milivoltios (MV), provocar\u00e1 la casi instant\u00e1nea desactivaci\u00f3n de los virus y pat\u00f3genos.<\/p>\t\t\t\t\t\t<\/div>\n\t\t\t\t<\/div>\n\t\t\t\t<\/div>\n\t\t<div class=\"elementor-element elementor-element-dd900dc e-con-full e-flex e-con e-parent\" data-id=\"dd900dc\" data-element_type=\"container\" data-settings=\"{&quot;content_width&quot;:&quot;full&quot;}\" data-core-v316-plus=\"true\">\n\t\t<div class=\"elementor-element elementor-element-d7f48c1 e-con-full e-flex e-con e-child\" data-id=\"d7f48c1\" data-element_type=\"container\" data-settings=\"{&quot;content_width&quot;:&quot;full&quot;}\">\n\t\t\t\t<div class=\"elementor-element elementor-element-641fa42 elementor-widget elementor-widget-spacer\" data-id=\"641fa42\" data-element_type=\"widget\" data-widget_type=\"spacer.default\">\n\t\t\t\t<div class=\"elementor-widget-container\">\n\t\t\t\t\t<div class=\"elementor-spacer\">\n\t\t\t<div class=\"elementor-spacer-inner\"><\/div>\n\t\t<\/div>\n\t\t\t\t<\/div>\n\t\t\t\t<\/div>\n\t\t\t\t<div class=\"elementor-element elementor-element-4986e00 elementor-widget__width-initial elementor-widget elementor-widget-image\" data-id=\"4986e00\" data-element_type=\"widget\" data-widget_type=\"image.default\">\n\t\t\t\t<div class=\"elementor-widget-container\">\n\t\t\t<style>\/*! elementor - v3.16.0 - 20-09-2023 *\/\n.elementor-widget-image{text-align:center}.elementor-widget-image a{display:inline-block}.elementor-widget-image a img[src$=\".svg\"]{width:48px}.elementor-widget-image img{vertical-align:middle;display:inline-block}<\/style>\t\t\t\t\t\t\t\t\t\t\t\t<img loading=\"lazy\" decoding=\"async\" width=\"1024\" height=\"682\" src=\"https:\/\/hylagronatura.com\/wp-content\/uploads\/2023\/10\/exclusive-banquet-1812772_1280-1-1024x682.jpg\" class=\"attachment-large size-large wp-image-372\" alt=\"\" srcset=\"https:\/\/hylagronatura.com\/wp-content\/uploads\/2023\/10\/exclusive-banquet-1812772_1280-1-1024x682.jpg 1024w, https:\/\/hylagronatura.com\/wp-content\/uploads\/2023\/10\/exclusive-banquet-1812772_1280-1-300x200.jpg 300w, https:\/\/hylagronatura.com\/wp-content\/uploads\/2023\/10\/exclusive-banquet-1812772_1280-1-768x512.jpg 768w, https:\/\/hylagronatura.com\/wp-content\/uploads\/2023\/10\/exclusive-banquet-1812772_1280-1.jpg 1280w\" sizes=\"auto, (max-width: 1024px) 100vw, 1024px\" \/>\t\t\t\t\t\t\t\t\t\t\t\t\t\t\t<\/div>\n\t\t\t\t<\/div>\n\t\t\t\t<\/div>\n\t\t<div class=\"elementor-element elementor-element-ea6741c e-con-full e-flex e-con e-child\" data-id=\"ea6741c\" data-element_type=\"container\" data-settings=\"{&quot;content_width&quot;:&quot;full&quot;}\">\n\t\t\t\t<div class=\"elementor-element elementor-element-6438f41 elementor-widget elementor-widget-spacer\" data-id=\"6438f41\" data-element_type=\"widget\" data-widget_type=\"spacer.default\">\n\t\t\t\t<div class=\"elementor-widget-container\">\n\t\t\t\t\t<div class=\"elementor-spacer\">\n\t\t\t<div class=\"elementor-spacer-inner\"><\/div>\n\t\t<\/div>\n\t\t\t\t<\/div>\n\t\t\t\t<\/div>\n\t\t\t\t<div class=\"elementor-element elementor-element-fbd8574 elementor-widget elementor-widget-text-editor\" data-id=\"fbd8574\" data-element_type=\"widget\" data-widget_type=\"text-editor.default\">\n\t\t\t\t<div class=\"elementor-widget-container\">\n\t\t\t\t\t\t\t<p style=\"text-align: justify;\">La mol\u00e9cula de Ozono, compuesta de tres \u00e1tomos de ox\u00edgeno (O<strong>\u2083<\/strong>), tiene carga negativa, tal y como ocurre con cualquier im\u00e1n, son atra\u00eddas r\u00e1pidamente por las cargas positivas. Los microorganismos pat\u00f3genos (bacterias, virus, hongos, priones, esporas, mol\u00e9culas del olor\u2026) tienen carga positiva, y al chocar con estas, gracias al alto poder oxidante del Ozono, son destruidas casi de forma instant\u00e1nea.<\/p><p style=\"text-align: justify;\">Su gran ventaja es que su \u00fanico residual es el ox\u00edgeno y, por lo tanto, no deja ning\u00fan tipo de residual qu\u00edmico peligroso. Por ello, resulta ideal para la desinfecci\u00f3n de alimentos y\/o superficies en la industria alimentaria y hosteler\u00eda. El ozono introducido en cualquier tipo de ambiente realiza tres funciones principales: <strong>microbicida, desodorizante y desengrasante.<\/strong><\/p><p>\u00a0<\/p>\t\t\t\t\t\t<\/div>\n\t\t\t\t<\/div>\n\t\t\t\t<\/div>\n\t\t\t\t<\/div>\n\t\t\t\t\t\t\t<\/div>\n\t\t","protected":false},"excerpt":{"rendered":"<p>El agua ozonizada presenta una gran capacidad de oxidaci\u00f3n desempe\u00f1ando un papel muy activo en el proceso de desinfecci\u00f3n y limpieza. La Organizaci\u00f3n Mundial de la Salud (OMS) y la Internacional Standards For Drinking Water (SFDW), afirman que con valores de 650 milivoltios (MV), provocar\u00e1 la casi instant\u00e1nea desactivaci\u00f3n de los virus y pat\u00f3genos. La [&hellip;]<\/p>\n","protected":false},"author":1,"featured_media":0,"parent":0,"menu_order":0,"comment_status":"closed","ping_status":"closed","template":"","meta":{"_joinchat":[],"footnotes":""},"class_list":["post-814","page","type-page","status-publish","hentry"],"aioseo_notices":[],"_links":{"self":[{"href":"https:\/\/hylagronatura.com\/index.php\/wp-json\/wp\/v2\/pages\/814","targetHints":{"allow":["GET"]}}],"collection":[{"href":"https:\/\/hylagronatura.com\/index.php\/wp-json\/wp\/v2\/pages"}],"about":[{"href":"https:\/\/hylagronatura.com\/index.php\/wp-json\/wp\/v2\/types\/page"}],"author":[{"embeddable":true,"href":"https:\/\/hylagronatura.com\/index.php\/wp-json\/wp\/v2\/users\/1"}],"replies":[{"embeddable":true,"href":"https:\/\/hylagronatura.com\/index.php\/wp-json\/wp\/v2\/comments?post=814"}],"version-history":[{"count":16,"href":"https:\/\/hylagronatura.com\/index.php\/wp-json\/wp\/v2\/pages\/814\/revisions"}],"predecessor-version":[{"id":1419,"href":"https:\/\/hylagronatura.com\/index.php\/wp-json\/wp\/v2\/pages\/814\/revisions\/1419"}],"wp:attachment":[{"href":"https:\/\/hylagronatura.com\/index.php\/wp-json\/wp\/v2\/media?parent=814"}],"curies":[{"name":"wp","href":"https:\/\/api.w.org\/{rel}","templated":true}]}}