{"id":636,"date":"2023-10-27T13:08:12","date_gmt":"2023-10-27T11:08:12","guid":{"rendered":"https:\/\/hylagronatura.com\/?page_id=636"},"modified":"2024-01-23T13:29:37","modified_gmt":"2024-01-23T12:29:37","slug":"maquinas-de-ozono-semi-industrial","status":"publish","type":"page","link":"https:\/\/hylagronatura.com\/index.php\/maquinas-de-ozono-semi-industrial\/","title":{"rendered":"Maquinas de ozono Semi-Industrial"},"content":{"rendered":"\t\t<div data-elementor-type=\"wp-page\" data-elementor-id=\"636\" class=\"elementor elementor-636\">\n\t\t\t\t\t\t\t<div class=\"elementor-element elementor-element-4efe0e7 e-con-full e-flex e-con e-parent\" data-id=\"4efe0e7\" data-element_type=\"container\" data-settings=\"{&quot;content_width&quot;:&quot;full&quot;}\" data-core-v316-plus=\"true\">\n\t\t\t\t<div class=\"elementor-element elementor-element-8cc9486 elementor-widget elementor-widget-spacer\" data-id=\"8cc9486\" data-element_type=\"widget\" data-widget_type=\"spacer.default\">\n\t\t\t\t<div class=\"elementor-widget-container\">\n\t\t\t<style>\/*! elementor - v3.16.0 - 20-09-2023 *\/\n.elementor-column .elementor-spacer-inner{height:var(--spacer-size)}.e-con{--container-widget-width:100%}.e-con-inner>.elementor-widget-spacer,.e-con>.elementor-widget-spacer{width:var(--container-widget-width,var(--spacer-size));--align-self:var(--container-widget-align-self,initial);--flex-shrink:0}.e-con-inner>.elementor-widget-spacer>.elementor-widget-container,.e-con>.elementor-widget-spacer>.elementor-widget-container{height:100%;width:100%}.e-con-inner>.elementor-widget-spacer>.elementor-widget-container>.elementor-spacer,.e-con>.elementor-widget-spacer>.elementor-widget-container>.elementor-spacer{height:100%}.e-con-inner>.elementor-widget-spacer>.elementor-widget-container>.elementor-spacer>.elementor-spacer-inner,.e-con>.elementor-widget-spacer>.elementor-widget-container>.elementor-spacer>.elementor-spacer-inner{height:var(--container-widget-height,var(--spacer-size))}.e-con-inner>.elementor-widget-spacer.elementor-widget-empty,.e-con>.elementor-widget-spacer.elementor-widget-empty{position:relative;min-height:22px;min-width:22px}.e-con-inner>.elementor-widget-spacer.elementor-widget-empty .elementor-widget-empty-icon,.e-con>.elementor-widget-spacer.elementor-widget-empty .elementor-widget-empty-icon{position:absolute;top:0;bottom:0;left:0;right:0;margin:auto;padding:0;width:22px;height:22px}<\/style>\t\t<div class=\"elementor-spacer\">\n\t\t\t<div class=\"elementor-spacer-inner\"><\/div>\n\t\t<\/div>\n\t\t\t\t<\/div>\n\t\t\t\t<\/div>\n\t\t\t\t<\/div>\n\t\t<div class=\"elementor-element elementor-element-ef9634e e-con-full e-flex e-con e-parent\" data-id=\"ef9634e\" data-element_type=\"container\" data-settings=\"{&quot;background_background&quot;:&quot;slideshow&quot;,&quot;content_width&quot;:&quot;full&quot;,&quot;background_slideshow_gallery&quot;:[],&quot;background_slideshow_loop&quot;:&quot;yes&quot;,&quot;background_slideshow_slide_duration&quot;:5000,&quot;background_slideshow_slide_transition&quot;:&quot;fade&quot;,&quot;background_slideshow_transition_duration&quot;:500}\" data-core-v316-plus=\"true\">\n\t\t\t\t<div class=\"elementor-element elementor-element-569fdf6 elementor-absolute elementor-widget__width-inherit elementor-invisible elementor-widget elementor-widget-heading\" data-id=\"569fdf6\" data-element_type=\"widget\" data-settings=\"{&quot;_position&quot;:&quot;absolute&quot;,&quot;_animation&quot;:&quot;fadeInDown&quot;}\" data-widget_type=\"heading.default\">\n\t\t\t\t<div class=\"elementor-widget-container\">\n\t\t\t<style>\/*! elementor - v3.16.0 - 20-09-2023 *\/\n.elementor-heading-title{padding:0;margin:0;line-height:1}.elementor-widget-heading .elementor-heading-title[class*=elementor-size-]>a{color:inherit;font-size:inherit;line-height:inherit}.elementor-widget-heading .elementor-heading-title.elementor-size-small{font-size:15px}.elementor-widget-heading .elementor-heading-title.elementor-size-medium{font-size:19px}.elementor-widget-heading .elementor-heading-title.elementor-size-large{font-size:29px}.elementor-widget-heading .elementor-heading-title.elementor-size-xl{font-size:39px}.elementor-widget-heading .elementor-heading-title.elementor-size-xxl{font-size:59px}<\/style><h2 class=\"elementor-heading-title elementor-size-default\">Producci\u00f3n y venta de maquinaria semi-industrial<\/h2>\t\t<\/div>\n\t\t\t\t<\/div>\n\t\t\t\t<\/div>\n\t\t<div class=\"elementor-element elementor-element-7ce8527 e-con-full e-flex e-con e-parent\" data-id=\"7ce8527\" data-element_type=\"container\" data-settings=\"{&quot;content_width&quot;:&quot;full&quot;}\" data-core-v316-plus=\"true\">\n\t\t<div class=\"elementor-element elementor-element-969ac7c e-con-full e-flex e-con e-child\" data-id=\"969ac7c\" data-element_type=\"container\" data-settings=\"{&quot;content_width&quot;:&quot;full&quot;}\">\n\t\t\t\t<div class=\"elementor-element elementor-element-6a81ae3 elementor-widget elementor-widget-spacer\" data-id=\"6a81ae3\" data-element_type=\"widget\" data-widget_type=\"spacer.default\">\n\t\t\t\t<div class=\"elementor-widget-container\">\n\t\t\t\t\t<div class=\"elementor-spacer\">\n\t\t\t<div class=\"elementor-spacer-inner\"><\/div>\n\t\t<\/div>\n\t\t\t\t<\/div>\n\t\t\t\t<\/div>\n\t\t\t\t<div class=\"elementor-element elementor-element-468f559 elementor-widget elementor-widget-text-editor\" data-id=\"468f559\" data-element_type=\"widget\" data-widget_type=\"text-editor.default\">\n\t\t\t\t<div class=\"elementor-widget-container\">\n\t\t\t<style>\/*! elementor - v3.16.0 - 20-09-2023 *\/\n.elementor-widget-text-editor.elementor-drop-cap-view-stacked .elementor-drop-cap{background-color:#69727d;color:#fff}.elementor-widget-text-editor.elementor-drop-cap-view-framed .elementor-drop-cap{color:#69727d;border:3px solid;background-color:transparent}.elementor-widget-text-editor:not(.elementor-drop-cap-view-default) .elementor-drop-cap{margin-top:8px}.elementor-widget-text-editor:not(.elementor-drop-cap-view-default) .elementor-drop-cap-letter{width:1em;height:1em}.elementor-widget-text-editor .elementor-drop-cap{float:left;text-align:center;line-height:1;font-size:50px}.elementor-widget-text-editor .elementor-drop-cap-letter{display:inline-block}<\/style>\t\t\t\t<p style=\"text-align: justify;\"><strong>El modelo Agronatura 4G,<\/strong> es un Generador de Ozono para aplicaciones de desinfecci\u00f3n y tratamiento de agua de modo continuo desde la propia red de suministro de agua.<\/p>\n<p style=\"text-align: justify;\">El sistema consta de m\u00f3dulo generador de ozono con filtro de aire, transformador de tensi\u00f3n, rel\u00e9 de control, fusible de protecci\u00f3n, interruptor de encendido y toma de tensi\u00f3n de red. La refrigeraci\u00f3n del equipo se lleva a cabo mediante dos ventiladores de 120*120.<\/p>\n<p style=\"text-align: justify;\">El circuito hidr\u00e1ulico consta de circuito de entrada de agua de 1\u20442 \u201c, v\u00e1lvula de activaci\u00f3n del circuito, inyector venturi, v\u00e1lvulas de bloqueo, mezclador y salida de agua ozonizada 1\u20442 \u201c.<\/p>\t\t\t\t\t\t<\/div>\n\t\t\t\t<\/div>\n\t\t\t\t<div class=\"elementor-element elementor-element-bc4e926 elementor-widget elementor-widget-text-editor\" data-id=\"bc4e926\" data-element_type=\"widget\" data-widget_type=\"text-editor.default\">\n\t\t\t\t<div class=\"elementor-widget-container\">\n\t\t\t\t\t\t\t<p>Nuestras m\u00e1quinas de ozono se adaptan a las necesidades de cada cliente.<\/p>\t\t\t\t\t\t<\/div>\n\t\t\t\t<\/div>\n\t\t\t\t<\/div>\n\t\t<div class=\"elementor-element elementor-element-8030bf6 e-con-full e-flex e-con e-child\" data-id=\"8030bf6\" data-element_type=\"container\" data-settings=\"{&quot;content_width&quot;:&quot;full&quot;}\">\n\t\t\t\t<div class=\"elementor-element elementor-element-be682a9 elementor-widget elementor-widget-image\" data-id=\"be682a9\" data-element_type=\"widget\" data-widget_type=\"image.default\">\n\t\t\t\t<div class=\"elementor-widget-container\">\n\t\t\t<style>\/*! elementor - v3.16.0 - 20-09-2023 *\/\n.elementor-widget-image{text-align:center}.elementor-widget-image a{display:inline-block}.elementor-widget-image a img[src$=\".svg\"]{width:48px}.elementor-widget-image img{vertical-align:middle;display:inline-block}<\/style>\t\t\t\t\t\t\t\t\t<figure class=\"wp-caption\">\n\t\t\t\t\t\t\t\t\t\t<img loading=\"lazy\" decoding=\"async\" width=\"766\" height=\"632\" src=\"https:\/\/hylagronatura.com\/wp-content\/uploads\/2023\/12\/MODELO-4G-HYL.png\" class=\"attachment-medium_large size-medium_large wp-image-926\" alt=\"\" srcset=\"https:\/\/hylagronatura.com\/wp-content\/uploads\/2023\/12\/MODELO-4G-HYL.png 766w, https:\/\/hylagronatura.com\/wp-content\/uploads\/2023\/12\/MODELO-4G-HYL-300x248.png 300w\" sizes=\"auto, (max-width: 766px) 100vw, 766px\" \/>\t\t\t\t\t\t\t\t\t\t\t<figcaption class=\"widget-image-caption wp-caption-text\">Modelo Agronatura G-H2O-4G<\/figcaption>\n\t\t\t\t\t\t\t\t\t\t<\/figure>\n\t\t\t\t\t\t\t\t\t<\/div>\n\t\t\t\t<\/div>\n\t\t\t\t<\/div>\n\t\t\t\t<\/div>\n\t\t<div class=\"elementor-element elementor-element-ec5e01b e-con-full e-flex e-con e-parent\" data-id=\"ec5e01b\" data-element_type=\"container\" data-settings=\"{&quot;content_width&quot;:&quot;full&quot;,&quot;background_background&quot;:&quot;classic&quot;}\" data-core-v316-plus=\"true\">\n\t\t\t\t<div class=\"elementor-element elementor-element-200397f elementor-absolute elementor-widget elementor-widget-heading\" data-id=\"200397f\" data-element_type=\"widget\" data-settings=\"{&quot;_position&quot;:&quot;absolute&quot;}\" data-widget_type=\"heading.default\">\n\t\t\t\t<div class=\"elementor-widget-container\">\n\t\t\t<h2 class=\"elementor-heading-title elementor-size-default\">Nuestras m\u00e1quinas de ozono en  restaurantes<\/h2>\t\t<\/div>\n\t\t\t\t<\/div>\n\t\t\t\t<\/div>\n\t\t<div class=\"elementor-element elementor-element-aa37d0c e-con-full e-flex e-con e-parent\" data-id=\"aa37d0c\" data-element_type=\"container\" data-settings=\"{&quot;content_width&quot;:&quot;full&quot;}\" data-core-v316-plus=\"true\">\n\t\t\t\t<div class=\"elementor-element elementor-element-e55bbb2 elementor-widget elementor-widget-spacer\" data-id=\"e55bbb2\" data-element_type=\"widget\" data-widget_type=\"spacer.default\">\n\t\t\t\t<div class=\"elementor-widget-container\">\n\t\t\t\t\t<div class=\"elementor-spacer\">\n\t\t\t<div class=\"elementor-spacer-inner\"><\/div>\n\t\t<\/div>\n\t\t\t\t<\/div>\n\t\t\t\t<\/div>\n\t\t\t\t<div class=\"elementor-element elementor-element-9f2856d elementor-widget elementor-widget-text-editor\" data-id=\"9f2856d\" data-element_type=\"widget\" data-widget_type=\"text-editor.default\">\n\t\t\t\t<div class=\"elementor-widget-container\">\n\t\t\t\t\t\t\t<p>Las m\u00e1quinas de ozono son una opci\u00f3n ecol\u00f3gica y eficiente para mantener la limpieza en restaurantes, bares y cafeter\u00edas. Estas m\u00e1quinas utilizan ozono en agua y aire para limpiar y desinfectar de manera efectiva y ecol\u00f3gica superficies, alimentos y cualquier otro elemento que se suela limpiar con productos qu\u00edmicos.<\/p><p>Las<strong> m\u00e1quinas de ozono<\/strong> en agua tienen varias ventajas para los restaurantes, porque ofrece una forma m\u00e1s segura y eficiente de mantener la higiene y la calidad de los alimentos, limpiar y desinfectar cuberter\u00eda, cristaler\u00eda, vajilla y todo tipo de utensilios.<\/p><p>Sus ventajas son:<\/p><ul><li><strong>Desinfecta el agua y elimina las bacterias, los virus y otros microorganismos<\/strong> que puedan causar enfermedades transmitidas por el agua.<\/li><li><strong>Elimina los contaminantes qu\u00edmicos<\/strong> y org\u00e1nicos que puedan estar presentes en el agua, como los pesticidas, los herbicidas, los productos qu\u00edmicos industriales y otros compuestos que pueden tener efectos negativos en la salud a largo plazo.<\/li><li><strong>No deja residuos qu\u00edmicos<\/strong> en el agua tratada, ya que el ozono se descompone r\u00e1pidamente una vez que ha cumplido su funci\u00f3n. Esto hace que el agua tenga un sabor y un olor m\u00e1s fresco, sin el sabor residual de los productos qu\u00edmicos de purificaci\u00f3n.<\/li><li><strong>Ahorra dinero y energ\u00eda<\/strong> al funcionar solo con agua fr\u00eda, sin necesidad de usar productos qu\u00edmicos. Adem\u00e1s, no genera residuos perjudiciales para la salud y el medio ambiente.<\/li><li><strong>Lava, limpia y desinfecta de manera eficaz y ecol\u00f3gica<\/strong> los alimentos, superficies y cualquier otro elemento que se suela limpiar con productos qu\u00edmicos.<\/li><\/ul>\t\t\t\t\t\t<\/div>\n\t\t\t\t<\/div>\n\t\t\t\t<\/div>\n\t\t<div class=\"elementor-element elementor-element-21143a6 e-con-full e-flex e-con e-parent\" data-id=\"21143a6\" data-element_type=\"container\" data-settings=\"{&quot;content_width&quot;:&quot;full&quot;}\" data-core-v316-plus=\"true\">\n\t\t<div class=\"elementor-element elementor-element-8e3cfd5 e-con-full e-flex e-con e-child\" data-id=\"8e3cfd5\" data-element_type=\"container\" data-settings=\"{&quot;content_width&quot;:&quot;full&quot;,&quot;background_background&quot;:&quot;classic&quot;}\">\n\t\t\t\t<div class=\"elementor-element elementor-element-50c41fb elementor-absolute elementor-widget elementor-widget-heading\" data-id=\"50c41fb\" data-element_type=\"widget\" data-settings=\"{&quot;_position&quot;:&quot;absolute&quot;}\" data-widget_type=\"heading.default\">\n\t\t\t\t<div class=\"elementor-widget-container\">\n\t\t\t<h2 class=\"elementor-heading-title elementor-size-default\">Galer\u00eda de nuestros clientes<\/h2>\t\t<\/div>\n\t\t\t\t<\/div>\n\t\t\t\t<\/div>\n\t\t\t\t<\/div>\n\t\t<div class=\"elementor-element elementor-element-523eed0 e-con-full e-flex e-con e-parent\" data-id=\"523eed0\" data-element_type=\"container\" data-settings=\"{&quot;content_width&quot;:&quot;full&quot;}\" data-core-v316-plus=\"true\">\n\t\t\t\t<div class=\"elementor-element elementor-element-b85c89b elementor-widget elementor-widget-spacer\" data-id=\"b85c89b\" data-element_type=\"widget\" data-widget_type=\"spacer.default\">\n\t\t\t\t<div class=\"elementor-widget-container\">\n\t\t\t\t\t<div class=\"elementor-spacer\">\n\t\t\t<div class=\"elementor-spacer-inner\"><\/div>\n\t\t<\/div>\n\t\t\t\t<\/div>\n\t\t\t\t<\/div>\n\t\t\t\t<div class=\"elementor-element elementor-element-d7704b7 elementor-arrows-position-inside elementor-pagination-position-outside elementor-widget elementor-widget-image-carousel\" data-id=\"d7704b7\" data-element_type=\"widget\" data-settings=\"{&quot;slides_to_show&quot;:&quot;4&quot;,&quot;navigation&quot;:&quot;both&quot;,&quot;autoplay&quot;:&quot;yes&quot;,&quot;pause_on_hover&quot;:&quot;yes&quot;,&quot;pause_on_interaction&quot;:&quot;yes&quot;,&quot;autoplay_speed&quot;:5000,&quot;infinite&quot;:&quot;yes&quot;,&quot;speed&quot;:500}\" data-widget_type=\"image-carousel.default\">\n\t\t\t\t<div class=\"elementor-widget-container\">\n\t\t\t<style>\/*! elementor - v3.16.0 - 20-09-2023 *\/\n.elementor-widget-image-carousel .swiper,.elementor-widget-image-carousel .swiper-container{position:static}.elementor-widget-image-carousel .swiper-container .swiper-slide figure,.elementor-widget-image-carousel .swiper .swiper-slide figure{line-height:inherit}.elementor-widget-image-carousel .swiper-slide{text-align:center}.elementor-image-carousel-wrapper:not(.swiper-container-initialized):not(.swiper-initialized) .swiper-slide{max-width:calc(100% \/ var(--e-image-carousel-slides-to-show, 3))}<\/style>\t\t<div class=\"elementor-image-carousel-wrapper swiper\" dir=\"ltr\">\n\t\t\t<div class=\"elementor-image-carousel swiper-wrapper\" aria-live=\"off\">\n\t\t\t\t\t\t\t\t<div class=\"swiper-slide\" role=\"group\" aria-roledescription=\"slide\" aria-label=\"1 de 8\"><figure class=\"swiper-slide-inner\"><img decoding=\"async\" class=\"swiper-slide-image\" src=\"https:\/\/hylagronatura.com\/wp-content\/uploads\/2023\/10\/Screenshot_20231019_105608_Instagram-300x298.jpg\" alt=\"Screenshot_20231019_105608_Instagram\" \/><\/figure><\/div><div class=\"swiper-slide\" role=\"group\" aria-roledescription=\"slide\" aria-label=\"2 de 8\"><figure class=\"swiper-slide-inner\"><img decoding=\"async\" class=\"swiper-slide-image\" src=\"https:\/\/hylagronatura.com\/wp-content\/uploads\/2023\/10\/Screenshot_20231019_105229_Instagram-300x300.jpg\" alt=\"Screenshot_20231019_105229_Instagram\" \/><\/figure><\/div><div class=\"swiper-slide\" role=\"group\" aria-roledescription=\"slide\" aria-label=\"3 de 8\"><figure class=\"swiper-slide-inner\"><img decoding=\"async\" class=\"swiper-slide-image\" src=\"https:\/\/hylagronatura.com\/wp-content\/uploads\/2023\/10\/Screenshot_20231019_103820_Instagram-e1698315599791-286x300.jpg\" alt=\"Screenshot_20231019_103820_Instagram\" \/><\/figure><\/div><div class=\"swiper-slide\" role=\"group\" aria-roledescription=\"slide\" aria-label=\"4 de 8\"><figure class=\"swiper-slide-inner\"><img decoding=\"async\" class=\"swiper-slide-image\" src=\"https:\/\/hylagronatura.com\/wp-content\/uploads\/2023\/10\/Screenshot_20231019_103510_Instagram-300x300.jpg\" alt=\"Screenshot_20231019_103510_Instagram\" \/><\/figure><\/div><div class=\"swiper-slide\" role=\"group\" aria-roledescription=\"slide\" aria-label=\"5 de 8\"><figure class=\"swiper-slide-inner\"><img decoding=\"async\" class=\"swiper-slide-image\" src=\"https:\/\/hylagronatura.com\/wp-content\/uploads\/2023\/10\/Screenshot_20231019_104956_Instagram-300x298.jpg\" alt=\"Screenshot_20231019_104956_Instagram\" \/><\/figure><\/div><div class=\"swiper-slide\" role=\"group\" aria-roledescription=\"slide\" aria-label=\"6 de 8\"><figure class=\"swiper-slide-inner\"><img decoding=\"async\" class=\"swiper-slide-image\" src=\"https:\/\/hylagronatura.com\/wp-content\/uploads\/2023\/10\/Screenshot_20231019_104139_Instagram-241x300.jpg\" alt=\"Screenshot_20231019_104139_Instagram\" \/><\/figure><\/div><div class=\"swiper-slide\" role=\"group\" aria-roledescription=\"slide\" aria-label=\"7 de 8\"><figure class=\"swiper-slide-inner\"><img decoding=\"async\" class=\"swiper-slide-image\" src=\"https:\/\/hylagronatura.com\/wp-content\/uploads\/2023\/10\/Screenshot_20231019_104742_Instagram-184x300.jpg\" alt=\"Screenshot_20231019_104742_Instagram\" \/><\/figure><\/div><div class=\"swiper-slide\" role=\"group\" aria-roledescription=\"slide\" aria-label=\"8 de 8\"><figure class=\"swiper-slide-inner\"><img decoding=\"async\" class=\"swiper-slide-image\" src=\"https:\/\/hylagronatura.com\/wp-content\/uploads\/2023\/10\/Screenshot_20231019_105756_Instagram-300x300.jpg\" alt=\"Screenshot_20231019_105756_Instagram\" \/><\/figure><\/div>\t\t\t<\/div>\n\t\t\t\t\t\t\t\t\t\t\t\t<div class=\"elementor-swiper-button elementor-swiper-button-prev\" role=\"button\" tabindex=\"0\">\n\t\t\t\t\t\t<i aria-hidden=\"true\" class=\"eicon-chevron-left\"><\/i>\t\t\t\t\t<\/div>\n\t\t\t\t\t<div class=\"elementor-swiper-button elementor-swiper-button-next\" role=\"button\" tabindex=\"0\">\n\t\t\t\t\t\t<i aria-hidden=\"true\" class=\"eicon-chevron-right\"><\/i>\t\t\t\t\t<\/div>\n\t\t\t\t\n\t\t\t\t\t\t\t\t\t<div class=\"swiper-pagination\"><\/div>\n\t\t\t\t\t\t\t\t\t<\/div>\n\t\t\t\t<\/div>\n\t\t\t\t<\/div>\n\t\t\t\t<\/div>\n\t\t\t\t\t\t\t<\/div>\n\t\t","protected":false},"excerpt":{"rendered":"<p>Producci\u00f3n y venta de maquinaria semi-industrial El modelo Agronatura 4G, es un Generador de Ozono para aplicaciones de desinfecci\u00f3n y tratamiento de agua de modo continuo desde la propia red de suministro de agua. El sistema consta de m\u00f3dulo generador de ozono con filtro de aire, transformador de tensi\u00f3n, rel\u00e9 de control, fusible de protecci\u00f3n, [&hellip;]<\/p>\n","protected":false},"author":1,"featured_media":0,"parent":0,"menu_order":0,"comment_status":"closed","ping_status":"closed","template":"","meta":{"_joinchat":[],"footnotes":""},"class_list":["post-636","page","type-page","status-publish","hentry"],"aioseo_notices":[],"_links":{"self":[{"href":"https:\/\/hylagronatura.com\/index.php\/wp-json\/wp\/v2\/pages\/636","targetHints":{"allow":["GET"]}}],"collection":[{"href":"https:\/\/hylagronatura.com\/index.php\/wp-json\/wp\/v2\/pages"}],"about":[{"href":"https:\/\/hylagronatura.com\/index.php\/wp-json\/wp\/v2\/types\/page"}],"author":[{"embeddable":true,"href":"https:\/\/hylagronatura.com\/index.php\/wp-json\/wp\/v2\/users\/1"}],"replies":[{"embeddable":true,"href":"https:\/\/hylagronatura.com\/index.php\/wp-json\/wp\/v2\/comments?post=636"}],"version-history":[{"count":52,"href":"https:\/\/hylagronatura.com\/index.php\/wp-json\/wp\/v2\/pages\/636\/revisions"}],"predecessor-version":[{"id":1324,"href":"https:\/\/hylagronatura.com\/index.php\/wp-json\/wp\/v2\/pages\/636\/revisions\/1324"}],"wp:attachment":[{"href":"https:\/\/hylagronatura.com\/index.php\/wp-json\/wp\/v2\/media?parent=636"}],"curies":[{"name":"wp","href":"https:\/\/api.w.org\/{rel}","templated":true}]}}