{"id":200,"date":"2023-10-10T19:03:23","date_gmt":"2023-10-10T17:03:23","guid":{"rendered":"https:\/\/hylagronatura.com\/?page_id=200"},"modified":"2024-01-23T15:10:48","modified_gmt":"2024-01-23T14:10:48","slug":"maquinas-de-ozono-industriales","status":"publish","type":"page","link":"https:\/\/hylagronatura.com\/index.php\/maquinas-de-ozono-industriales\/","title":{"rendered":"Maquinas de Ozono Comercial\/Hogar"},"content":{"rendered":"\t\t<div data-elementor-type=\"wp-page\" data-elementor-id=\"200\" class=\"elementor elementor-200\">\n\t\t\t\t\t\t\t<div class=\"elementor-element elementor-element-f892084 e-flex e-con-boxed e-con e-parent\" data-id=\"f892084\" data-element_type=\"container\" data-settings=\"{&quot;content_width&quot;:&quot;boxed&quot;}\" data-core-v316-plus=\"true\">\n\t\t\t\t\t<div class=\"e-con-inner\">\n\t\t\t\t<div class=\"elementor-element elementor-element-e79680c elementor-widget elementor-widget-spacer\" data-id=\"e79680c\" data-element_type=\"widget\" data-widget_type=\"spacer.default\">\n\t\t\t\t<div class=\"elementor-widget-container\">\n\t\t\t<style>\/*! elementor - v3.16.0 - 20-09-2023 *\/\n.elementor-column .elementor-spacer-inner{height:var(--spacer-size)}.e-con{--container-widget-width:100%}.e-con-inner>.elementor-widget-spacer,.e-con>.elementor-widget-spacer{width:var(--container-widget-width,var(--spacer-size));--align-self:var(--container-widget-align-self,initial);--flex-shrink:0}.e-con-inner>.elementor-widget-spacer>.elementor-widget-container,.e-con>.elementor-widget-spacer>.elementor-widget-container{height:100%;width:100%}.e-con-inner>.elementor-widget-spacer>.elementor-widget-container>.elementor-spacer,.e-con>.elementor-widget-spacer>.elementor-widget-container>.elementor-spacer{height:100%}.e-con-inner>.elementor-widget-spacer>.elementor-widget-container>.elementor-spacer>.elementor-spacer-inner,.e-con>.elementor-widget-spacer>.elementor-widget-container>.elementor-spacer>.elementor-spacer-inner{height:var(--container-widget-height,var(--spacer-size))}.e-con-inner>.elementor-widget-spacer.elementor-widget-empty,.e-con>.elementor-widget-spacer.elementor-widget-empty{position:relative;min-height:22px;min-width:22px}.e-con-inner>.elementor-widget-spacer.elementor-widget-empty .elementor-widget-empty-icon,.e-con>.elementor-widget-spacer.elementor-widget-empty .elementor-widget-empty-icon{position:absolute;top:0;bottom:0;left:0;right:0;margin:auto;padding:0;width:22px;height:22px}<\/style>\t\t<div class=\"elementor-spacer\">\n\t\t\t<div class=\"elementor-spacer-inner\"><\/div>\n\t\t<\/div>\n\t\t\t\t<\/div>\n\t\t\t\t<\/div>\n\t\t\t\t\t<\/div>\n\t\t\t\t<\/div>\n\t\t<div class=\"elementor-element elementor-element-e7f17c2 e-con-full e-flex e-con e-parent\" data-id=\"e7f17c2\" data-element_type=\"container\" data-settings=\"{&quot;content_width&quot;:&quot;full&quot;,&quot;background_background&quot;:&quot;slideshow&quot;,&quot;background_slideshow_gallery&quot;:[],&quot;background_slideshow_loop&quot;:&quot;yes&quot;,&quot;background_slideshow_slide_duration&quot;:5000,&quot;background_slideshow_slide_transition&quot;:&quot;fade&quot;,&quot;background_slideshow_transition_duration&quot;:500}\" data-core-v316-plus=\"true\">\n\t\t\t\t<div class=\"elementor-element elementor-element-f9892f8 elementor-widget__width-inherit elementor-invisible elementor-widget elementor-widget-heading\" data-id=\"f9892f8\" data-element_type=\"widget\" data-settings=\"{&quot;_animation&quot;:&quot;fadeInDown&quot;}\" data-widget_type=\"heading.default\">\n\t\t\t\t<div class=\"elementor-widget-container\">\n\t\t\t<style>\/*! elementor - v3.16.0 - 20-09-2023 *\/\n.elementor-heading-title{padding:0;margin:0;line-height:1}.elementor-widget-heading .elementor-heading-title[class*=elementor-size-]>a{color:inherit;font-size:inherit;line-height:inherit}.elementor-widget-heading .elementor-heading-title.elementor-size-small{font-size:15px}.elementor-widget-heading .elementor-heading-title.elementor-size-medium{font-size:19px}.elementor-widget-heading .elementor-heading-title.elementor-size-large{font-size:29px}.elementor-widget-heading .elementor-heading-title.elementor-size-xl{font-size:39px}.elementor-widget-heading .elementor-heading-title.elementor-size-xxl{font-size:59px}<\/style><h1 class=\"elementor-heading-title elementor-size-default\">Fabricaci\u00f3n y venta de m\u00e1quinas de Ozono Comercial<\/h1>\t\t<\/div>\n\t\t\t\t<\/div>\n\t\t\t\t<\/div>\n\t\t<div class=\"elementor-element elementor-element-ceeedea e-con-full e-flex e-con e-parent\" data-id=\"ceeedea\" data-element_type=\"container\" data-settings=\"{&quot;content_width&quot;:&quot;full&quot;}\" data-core-v316-plus=\"true\">\n\t\t\t\t<div class=\"elementor-element elementor-element-33af351 elementor-widget elementor-widget-text-editor\" data-id=\"33af351\" data-element_type=\"widget\" data-widget_type=\"text-editor.default\">\n\t\t\t\t<div class=\"elementor-widget-container\">\n\t\t\t<style>\/*! elementor - v3.16.0 - 20-09-2023 *\/\n.elementor-widget-text-editor.elementor-drop-cap-view-stacked .elementor-drop-cap{background-color:#69727d;color:#fff}.elementor-widget-text-editor.elementor-drop-cap-view-framed .elementor-drop-cap{color:#69727d;border:3px solid;background-color:transparent}.elementor-widget-text-editor:not(.elementor-drop-cap-view-default) .elementor-drop-cap{margin-top:8px}.elementor-widget-text-editor:not(.elementor-drop-cap-view-default) .elementor-drop-cap-letter{width:1em;height:1em}.elementor-widget-text-editor .elementor-drop-cap{float:left;text-align:center;line-height:1;font-size:50px}.elementor-widget-text-editor .elementor-drop-cap-letter{display:inline-block}<\/style>\t\t\t\t<p style=\"text-align: left;\"><strong>Generadores de Ozono dom\u00e9sticos<\/strong><\/p>\t\t\t\t\t\t<\/div>\n\t\t\t\t<\/div>\n\t\t\t\t<div class=\"elementor-element elementor-element-61c21f8 elementor-widget__width-initial elementor-widget elementor-widget-text-editor\" data-id=\"61c21f8\" data-element_type=\"widget\" data-widget_type=\"text-editor.default\">\n\t\t\t\t<div class=\"elementor-widget-container\">\n\t\t\t\t\t\t\t<p style=\"text-align: justify;\"><strong>Generadores de Ozono en Aire y\/o Agua<\/strong> para tratamientos en domicilios particulares, oficinas, aseos p\u00fablicos y privados. Nuestras m\u00e1quinas de hogar son m\u00e1quinas m\u00e1s compactas para su uso en domicilio, utilizando los mismos est\u00e1ndares de calidad.\u00a0<\/p><p>Tenemos m\u00e1quinas de Ozono en agua para la limpieza y desinfecci\u00f3n del hogar y m\u00e1quinas de ozono en aire para la purificaci\u00f3n de ambientes.<\/p>\t\t\t\t\t\t<\/div>\n\t\t\t\t<\/div>\n\t\t\t\t<\/div>\n\t\t<div class=\"elementor-element elementor-element-ff1ff9c e-con-full e-flex e-con e-parent\" data-id=\"ff1ff9c\" data-element_type=\"container\" data-settings=\"{&quot;content_width&quot;:&quot;full&quot;}\" data-core-v316-plus=\"true\">\n\t\t\t\t<div class=\"elementor-element elementor-element-3fc9094 elementor-widget elementor-widget-spacer\" data-id=\"3fc9094\" data-element_type=\"widget\" data-widget_type=\"spacer.default\">\n\t\t\t\t<div class=\"elementor-widget-container\">\n\t\t\t\t\t<div class=\"elementor-spacer\">\n\t\t\t<div class=\"elementor-spacer-inner\"><\/div>\n\t\t<\/div>\n\t\t\t\t<\/div>\n\t\t\t\t<\/div>\n\t\t\t\t<\/div>\n\t\t<div class=\"elementor-element elementor-element-c1ac4e5 e-con-full e-flex e-con e-parent\" data-id=\"c1ac4e5\" data-element_type=\"container\" data-settings=\"{&quot;content_width&quot;:&quot;full&quot;,&quot;background_background&quot;:&quot;classic&quot;}\" data-core-v316-plus=\"true\">\n\t\t\t\t<div class=\"elementor-element elementor-element-4d5cf51 elementor-absolute elementor-widget elementor-widget-heading\" data-id=\"4d5cf51\" data-element_type=\"widget\" data-settings=\"{&quot;_position&quot;:&quot;absolute&quot;}\" data-widget_type=\"heading.default\">\n\t\t\t\t<div class=\"elementor-widget-container\">\n\t\t\t<h2 class=\"elementor-heading-title elementor-size-default\">Caracter\u00edsticas de nuestros equipos<\/h2>\t\t<\/div>\n\t\t\t\t<\/div>\n\t\t\t\t<\/div>\n\t\t<div class=\"elementor-element elementor-element-e01b4fc e-con-full e-flex e-con e-parent\" data-id=\"e01b4fc\" data-element_type=\"container\" data-settings=\"{&quot;content_width&quot;:&quot;full&quot;,&quot;background_background&quot;:&quot;classic&quot;}\" data-core-v316-plus=\"true\">\n\t\t\t\t<div class=\"elementor-element elementor-element-4ed5e35 elementor-widget elementor-widget-spacer\" data-id=\"4ed5e35\" data-element_type=\"widget\" data-widget_type=\"spacer.default\">\n\t\t\t\t<div class=\"elementor-widget-container\">\n\t\t\t\t\t<div class=\"elementor-spacer\">\n\t\t\t<div class=\"elementor-spacer-inner\"><\/div>\n\t\t<\/div>\n\t\t\t\t<\/div>\n\t\t\t\t<\/div>\n\t\t\t\t<div class=\"elementor-element elementor-element-5c8bd62 elementor-widget__width-initial elementor-widget elementor-widget-text-editor\" data-id=\"5c8bd62\" data-element_type=\"widget\" data-widget_type=\"text-editor.default\">\n\t\t\t\t<div class=\"elementor-widget-container\">\n\t\t\t\t\t\t\t<p>Los generadores de\u00a0<strong>H&amp;L Agronatura no producen aluminia<\/strong>, metal pesado muy t\u00f3xico, ya que no utilizan reactores cer\u00e1micos sino de acero inoxidable.<\/p><ul><li>Generadores de Ozono para aplicaciones de desinfecci\u00f3n y desodorizaci\u00f3n comerciales y dom\u00e9sticas en las que se requiera llevar el Ozono conducido mediante un tubo de peque\u00f1a secci\u00f3n.<\/li><li>Se instalan en una caja de acero inox., incluyendo reactor productor de Ozono, compresor de diafragma (membrana), cartucho secante de aire de entrada al compresor y refrigeraci\u00f3n forzada mediante ventilador.<\/li><\/ul>\t\t\t\t\t\t<\/div>\n\t\t\t\t<\/div>\n\t\t\t\t<\/div>\n\t\t<div class=\"elementor-element elementor-element-f509957 e-con-full e-flex e-con e-parent\" data-id=\"f509957\" data-element_type=\"container\" data-settings=\"{&quot;content_width&quot;:&quot;full&quot;,&quot;background_background&quot;:&quot;slideshow&quot;,&quot;background_slideshow_gallery&quot;:[{&quot;id&quot;:615,&quot;url&quot;:&quot;http:\\\/\\\/hylagronatura.com\\\/wp-content\\\/uploads\\\/2023\\\/10\\\/drop-of-water-578897_1280-1-1.jpg&quot;},{&quot;id&quot;:612,&quot;url&quot;:&quot;http:\\\/\\\/hylagronatura.com\\\/wp-content\\\/uploads\\\/2023\\\/10\\\/AdobeStock_605899347_Preview-e1698396515771.jpeg&quot;},{&quot;id&quot;:402,&quot;url&quot;:&quot;http:\\\/\\\/hylagronatura.com\\\/wp-content\\\/uploads\\\/2023\\\/10\\\/Screenshot_20231019_105141_Instagram-e1698315730212.jpg&quot;},{&quot;id&quot;:614,&quot;url&quot;:&quot;http:\\\/\\\/hylagronatura.com\\\/wp-content\\\/uploads\\\/2023\\\/10\\\/lightning-2568381_1280-e1698403279264.jpg&quot;},{&quot;id&quot;:397,&quot;url&quot;:&quot;http:\\\/\\\/hylagronatura.com\\\/wp-content\\\/uploads\\\/2023\\\/10\\\/Screenshot_20231019_103510_Instagram.jpg&quot;},{&quot;id&quot;:365,&quot;url&quot;:&quot;http:\\\/\\\/hylagronatura.com\\\/wp-content\\\/uploads\\\/2023\\\/10\\\/chilli-4446331_1280.jpg&quot;},{&quot;id&quot;:361,&quot;url&quot;:&quot;http:\\\/\\\/hylagronatura.com\\\/wp-content\\\/uploads\\\/2023\\\/10\\\/water-1011160_1280-1.jpg&quot;},{&quot;id&quot;:386,&quot;url&quot;:&quot;http:\\\/\\\/hylagronatura.com\\\/wp-content\\\/uploads\\\/2023\\\/10\\\/responsabilidad-social.jpg&quot;},{&quot;id&quot;:400,&quot;url&quot;:&quot;http:\\\/\\\/hylagronatura.com\\\/wp-content\\\/uploads\\\/2023\\\/10\\\/Screenshot_20231019_103820_Instagram-e1698315599791.jpg&quot;},{&quot;id&quot;:327,&quot;url&quot;:&quot;http:\\\/\\\/hylagronatura.com\\\/wp-content\\\/uploads\\\/2023\\\/10\\\/startup-3373319_1280-e1697715165757.jpg&quot;}],&quot;background_slideshow_slide_duration&quot;:5000,&quot;background_slideshow_slide_transition&quot;:&quot;fade&quot;,&quot;background_slideshow_transition_duration&quot;:500}\" data-core-v316-plus=\"true\">\n\t\t<div class=\"elementor-element elementor-element-0f4b433 e-con-full e-flex e-con e-child\" data-id=\"0f4b433\" data-element_type=\"container\" data-settings=\"{&quot;content_width&quot;:&quot;full&quot;}\">\n\t\t\t\t<div class=\"elementor-element elementor-element-529fe05 elementor-widget__width-inherit elementor-widget elementor-widget-heading\" data-id=\"529fe05\" data-element_type=\"widget\" data-widget_type=\"heading.default\">\n\t\t\t\t<div class=\"elementor-widget-container\">\n\t\t\t<h2 class=\"elementor-heading-title elementor-size-default\">Solicita presupuesto, tenemos soluciones para tus necesidades<\/h2>\t\t<\/div>\n\t\t\t\t<\/div>\n\t\t\t\t<div class=\"elementor-element elementor-element-c21aef9 elementor-button-info elementor-align-center elementor-invisible elementor-widget elementor-widget-button\" data-id=\"c21aef9\" data-element_type=\"widget\" data-settings=\"{&quot;_animation&quot;:&quot;fadeInDown&quot;}\" data-widget_type=\"button.default\">\n\t\t\t\t<div class=\"elementor-widget-container\">\n\t\t\t\t\t<div class=\"elementor-button-wrapper\">\n\t\t\t<a class=\"elementor-button elementor-button-link elementor-size-md\" href=\"https:\/\/hylagronatura.com\/index.php\/formulario-de-contacto\/\">\n\t\t\t\t\t\t<span class=\"elementor-button-content-wrapper\">\n\t\t\t\t\t\t<span class=\"elementor-button-text\">Consulta a un experto<\/span>\n\t\t<\/span>\n\t\t\t\t\t<\/a>\n\t\t<\/div>\n\t\t\t\t<\/div>\n\t\t\t\t<\/div>\n\t\t\t\t<\/div>\n\t\t\t\t<\/div>\n\t\t<div class=\"elementor-element elementor-element-7a67bd9 e-con-full e-flex e-con e-parent\" data-id=\"7a67bd9\" data-element_type=\"container\" data-settings=\"{&quot;content_width&quot;:&quot;full&quot;}\" data-core-v316-plus=\"true\">\n\t\t\t\t<div class=\"elementor-element elementor-element-79af4a7 elementor-widget elementor-widget-spacer\" data-id=\"79af4a7\" data-element_type=\"widget\" data-widget_type=\"spacer.default\">\n\t\t\t\t<div class=\"elementor-widget-container\">\n\t\t\t\t\t<div class=\"elementor-spacer\">\n\t\t\t<div class=\"elementor-spacer-inner\"><\/div>\n\t\t<\/div>\n\t\t\t\t<\/div>\n\t\t\t\t<\/div>\n\t\t\t\t<\/div>\n\t\t\t\t\t\t\t<\/div>\n\t\t","protected":false},"excerpt":{"rendered":"<p>Fabricaci\u00f3n y venta de m\u00e1quinas de Ozono Comercial Generadores de Ozono dom\u00e9sticos Generadores de Ozono en Aire y\/o Agua para tratamientos en domicilios particulares, oficinas, aseos p\u00fablicos y privados. Nuestras m\u00e1quinas de hogar son m\u00e1quinas m\u00e1s compactas para su uso en domicilio, utilizando los mismos est\u00e1ndares de calidad.\u00a0 Tenemos m\u00e1quinas de Ozono en agua para [&hellip;]<\/p>\n","protected":false},"author":1,"featured_media":0,"parent":0,"menu_order":0,"comment_status":"closed","ping_status":"closed","template":"","meta":{"_joinchat":[],"footnotes":""},"class_list":["post-200","page","type-page","status-publish","hentry"],"aioseo_notices":[],"_links":{"self":[{"href":"https:\/\/hylagronatura.com\/index.php\/wp-json\/wp\/v2\/pages\/200","targetHints":{"allow":["GET"]}}],"collection":[{"href":"https:\/\/hylagronatura.com\/index.php\/wp-json\/wp\/v2\/pages"}],"about":[{"href":"https:\/\/hylagronatura.com\/index.php\/wp-json\/wp\/v2\/types\/page"}],"author":[{"embeddable":true,"href":"https:\/\/hylagronatura.com\/index.php\/wp-json\/wp\/v2\/users\/1"}],"replies":[{"embeddable":true,"href":"https:\/\/hylagronatura.com\/index.php\/wp-json\/wp\/v2\/comments?post=200"}],"version-history":[{"count":60,"href":"https:\/\/hylagronatura.com\/index.php\/wp-json\/wp\/v2\/pages\/200\/revisions"}],"predecessor-version":[{"id":1455,"href":"https:\/\/hylagronatura.com\/index.php\/wp-json\/wp\/v2\/pages\/200\/revisions\/1455"}],"wp:attachment":[{"href":"https:\/\/hylagronatura.com\/index.php\/wp-json\/wp\/v2\/media?parent=200"}],"curies":[{"name":"wp","href":"https:\/\/api.w.org\/{rel}","templated":true}]}}