{"id":191,"date":"2023-10-11T12:35:30","date_gmt":"2023-10-11T10:35:30","guid":{"rendered":"https:\/\/hylagronatura.com\/?page_id=191"},"modified":"2024-01-23T13:29:30","modified_gmt":"2024-01-23T12:29:30","slug":"maquinas-industriales","status":"publish","type":"page","link":"https:\/\/hylagronatura.com\/index.php\/maquinas-industriales\/","title":{"rendered":"Maquinas de Ozono Industrial"},"content":{"rendered":"\t\t<div data-elementor-type=\"wp-page\" data-elementor-id=\"191\" class=\"elementor elementor-191\">\n\t\t\t\t\t\t\t<div class=\"elementor-element elementor-element-917ad94 e-con-full e-flex e-con e-parent\" data-id=\"917ad94\" data-element_type=\"container\" data-settings=\"{&quot;content_width&quot;:&quot;full&quot;}\" data-core-v316-plus=\"true\">\n\t\t\t\t<div class=\"elementor-element elementor-element-7aa9870 elementor-widget elementor-widget-spacer\" data-id=\"7aa9870\" data-element_type=\"widget\" data-widget_type=\"spacer.default\">\n\t\t\t\t<div class=\"elementor-widget-container\">\n\t\t\t<style>\/*! elementor - v3.16.0 - 20-09-2023 *\/\n.elementor-column .elementor-spacer-inner{height:var(--spacer-size)}.e-con{--container-widget-width:100%}.e-con-inner>.elementor-widget-spacer,.e-con>.elementor-widget-spacer{width:var(--container-widget-width,var(--spacer-size));--align-self:var(--container-widget-align-self,initial);--flex-shrink:0}.e-con-inner>.elementor-widget-spacer>.elementor-widget-container,.e-con>.elementor-widget-spacer>.elementor-widget-container{height:100%;width:100%}.e-con-inner>.elementor-widget-spacer>.elementor-widget-container>.elementor-spacer,.e-con>.elementor-widget-spacer>.elementor-widget-container>.elementor-spacer{height:100%}.e-con-inner>.elementor-widget-spacer>.elementor-widget-container>.elementor-spacer>.elementor-spacer-inner,.e-con>.elementor-widget-spacer>.elementor-widget-container>.elementor-spacer>.elementor-spacer-inner{height:var(--container-widget-height,var(--spacer-size))}.e-con-inner>.elementor-widget-spacer.elementor-widget-empty,.e-con>.elementor-widget-spacer.elementor-widget-empty{position:relative;min-height:22px;min-width:22px}.e-con-inner>.elementor-widget-spacer.elementor-widget-empty .elementor-widget-empty-icon,.e-con>.elementor-widget-spacer.elementor-widget-empty .elementor-widget-empty-icon{position:absolute;top:0;bottom:0;left:0;right:0;margin:auto;padding:0;width:22px;height:22px}<\/style>\t\t<div class=\"elementor-spacer\">\n\t\t\t<div class=\"elementor-spacer-inner\"><\/div>\n\t\t<\/div>\n\t\t\t\t<\/div>\n\t\t\t\t<\/div>\n\t\t\t\t<div class=\"elementor-element elementor-element-943bc62 elementor-widget__width-inherit elementor-absolute elementor-widget elementor-widget-heading\" data-id=\"943bc62\" data-element_type=\"widget\" data-settings=\"{&quot;_position&quot;:&quot;absolute&quot;}\" data-widget_type=\"heading.default\">\n\t\t\t\t<div class=\"elementor-widget-container\">\n\t\t\t<style>\/*! elementor - v3.16.0 - 20-09-2023 *\/\n.elementor-heading-title{padding:0;margin:0;line-height:1}.elementor-widget-heading .elementor-heading-title[class*=elementor-size-]>a{color:inherit;font-size:inherit;line-height:inherit}.elementor-widget-heading .elementor-heading-title.elementor-size-small{font-size:15px}.elementor-widget-heading .elementor-heading-title.elementor-size-medium{font-size:19px}.elementor-widget-heading .elementor-heading-title.elementor-size-large{font-size:29px}.elementor-widget-heading .elementor-heading-title.elementor-size-xl{font-size:39px}.elementor-widget-heading .elementor-heading-title.elementor-size-xxl{font-size:59px}<\/style><h2 class=\"elementor-heading-title elementor-size-default\">Fabricaci\u00f3n y venta de m\u00e1quinas de Ozono a medida<\/h2>\t\t<\/div>\n\t\t\t\t<\/div>\n\t\t\t\t<div class=\"elementor-element elementor-element-f964020 elementor-widget elementor-widget-spacer\" data-id=\"f964020\" data-element_type=\"widget\" data-widget_type=\"spacer.default\">\n\t\t\t\t<div class=\"elementor-widget-container\">\n\t\t\t\t\t<div class=\"elementor-spacer\">\n\t\t\t<div class=\"elementor-spacer-inner\"><\/div>\n\t\t<\/div>\n\t\t\t\t<\/div>\n\t\t\t\t<\/div>\n\t\t\t\t<div class=\"elementor-element elementor-element-fa73abc elementor-widget elementor-widget-spacer\" data-id=\"fa73abc\" data-element_type=\"widget\" data-widget_type=\"spacer.default\">\n\t\t\t\t<div class=\"elementor-widget-container\">\n\t\t\t\t\t<div class=\"elementor-spacer\">\n\t\t\t<div class=\"elementor-spacer-inner\"><\/div>\n\t\t<\/div>\n\t\t\t\t<\/div>\n\t\t\t\t<\/div>\n\t\t\t\t<\/div>\n\t\t<div class=\"elementor-element elementor-element-b69b3cd e-con-full e-flex e-con e-parent\" data-id=\"b69b3cd\" data-element_type=\"container\" data-settings=\"{&quot;content_width&quot;:&quot;full&quot;}\" data-core-v316-plus=\"true\">\n\t\t<div class=\"elementor-element elementor-element-8ec3ed5 e-con-full e-flex e-con e-child\" data-id=\"8ec3ed5\" data-element_type=\"container\" data-settings=\"{&quot;content_width&quot;:&quot;full&quot;}\">\n\t\t\t\t<div class=\"elementor-element elementor-element-f6d66e8 elementor-widget__width-initial elementor-widget elementor-widget-text-editor\" data-id=\"f6d66e8\" data-element_type=\"widget\" data-widget_type=\"text-editor.default\">\n\t\t\t\t<div class=\"elementor-widget-container\">\n\t\t\t<style>\/*! elementor - v3.16.0 - 20-09-2023 *\/\n.elementor-widget-text-editor.elementor-drop-cap-view-stacked .elementor-drop-cap{background-color:#69727d;color:#fff}.elementor-widget-text-editor.elementor-drop-cap-view-framed .elementor-drop-cap{color:#69727d;border:3px solid;background-color:transparent}.elementor-widget-text-editor:not(.elementor-drop-cap-view-default) .elementor-drop-cap{margin-top:8px}.elementor-widget-text-editor:not(.elementor-drop-cap-view-default) .elementor-drop-cap-letter{width:1em;height:1em}.elementor-widget-text-editor .elementor-drop-cap{float:left;text-align:center;line-height:1;font-size:50px}.elementor-widget-text-editor .elementor-drop-cap-letter{display:inline-block}<\/style>\t\t\t\t<p style=\"text-align: justify;\">Nuestros sistemas de Ozonizaci\u00f3n de alta producci\u00f3n, se usan aplicaciones de depuraci\u00f3n de aguas residuales, potabilizaci\u00f3n de agua, grandes piscifactor\u00edas, grandes sistemas de regad\u00edo, etc., fabricadas a medida de cada requerimiento.<\/p>\n<p style=\"text-align: justify;\">Somos partidarios de realizar instalaciones piloto cuando se trata de una aplicaci\u00f3n novedosa donde exista escasa o nula experiencia, solamente tratando una peque\u00f1a parte del proceso y con un coste peque\u00f1o para el cliente. De este modo puede obtenerse una excelente informaci\u00f3n extrapolable para escalar una cotizaci\u00f3n global.<\/p>\n<p>Nuestro departamento t\u00e9cnico est\u00e1 en constante desarrollo, utilizando en todo momento las t\u00e9cnicas y tecnolog\u00edas m\u00e1s novedosas de producci\u00f3n de Ozono.<\/p>\t\t\t\t\t\t<\/div>\n\t\t\t\t<\/div>\n\t\t\t\t<div class=\"elementor-element elementor-element-8a5c973 elementor-widget elementor-widget-spacer\" data-id=\"8a5c973\" data-element_type=\"widget\" data-widget_type=\"spacer.default\">\n\t\t\t\t<div class=\"elementor-widget-container\">\n\t\t\t\t\t<div class=\"elementor-spacer\">\n\t\t\t<div class=\"elementor-spacer-inner\"><\/div>\n\t\t<\/div>\n\t\t\t\t<\/div>\n\t\t\t\t<\/div>\n\t\t\t\t<\/div>\n\t\t<div class=\"elementor-element elementor-element-f458579 e-con-full e-flex e-con e-child\" data-id=\"f458579\" data-element_type=\"container\" data-settings=\"{&quot;content_width&quot;:&quot;full&quot;}\">\n\t\t\t\t<div class=\"elementor-element elementor-element-84b66a3 elementor-widget__width-initial elementor-widget elementor-widget-text-editor\" data-id=\"84b66a3\" data-element_type=\"widget\" data-widget_type=\"text-editor.default\">\n\t\t\t\t<div class=\"elementor-widget-container\">\n\t\t\t\t\t\t\t<p>Nuestros generadores de Ozono son aparatos de alto rendimiento, dise\u00f1ados para trabajar de forma intensiva 24 horas al d\u00eda, 365 d\u00edas al a\u00f1o, con paradas solo para los protocolarios trabajos de mantenimiento.<\/p>\t\t\t\t\t\t<\/div>\n\t\t\t\t<\/div>\n\t\t\t\t<div class=\"elementor-element elementor-element-ff17548 elementor-widget elementor-widget-image\" data-id=\"ff17548\" data-element_type=\"widget\" data-widget_type=\"image.default\">\n\t\t\t\t<div class=\"elementor-widget-container\">\n\t\t\t<style>\/*! elementor - v3.16.0 - 20-09-2023 *\/\n.elementor-widget-image{text-align:center}.elementor-widget-image a{display:inline-block}.elementor-widget-image a img[src$=\".svg\"]{width:48px}.elementor-widget-image img{vertical-align:middle;display:inline-block}<\/style>\t\t\t\t\t\t\t\t\t\t\t\t<img loading=\"lazy\" decoding=\"async\" width=\"1024\" height=\"583\" src=\"https:\/\/hylagronatura.com\/wp-content\/uploads\/2023\/10\/sewage-treatment-plant-4560229_1280-e1698397288722-1024x583.jpg\" class=\"attachment-large size-large wp-image-618\" alt=\"\" srcset=\"https:\/\/hylagronatura.com\/wp-content\/uploads\/2023\/10\/sewage-treatment-plant-4560229_1280-e1698397288722-1024x583.jpg 1024w, https:\/\/hylagronatura.com\/wp-content\/uploads\/2023\/10\/sewage-treatment-plant-4560229_1280-e1698397288722-300x171.jpg 300w, https:\/\/hylagronatura.com\/wp-content\/uploads\/2023\/10\/sewage-treatment-plant-4560229_1280-e1698397288722-768x437.jpg 768w, https:\/\/hylagronatura.com\/wp-content\/uploads\/2023\/10\/sewage-treatment-plant-4560229_1280-e1698397288722.jpg 1280w\" sizes=\"auto, (max-width: 1024px) 100vw, 1024px\" \/>\t\t\t\t\t\t\t\t\t\t\t\t\t\t\t<\/div>\n\t\t\t\t<\/div>\n\t\t\t\t<\/div>\n\t\t\t\t<\/div>\n\t\t<div class=\"elementor-element elementor-element-55adba2 e-con-full e-flex e-con e-parent\" data-id=\"55adba2\" data-element_type=\"container\" data-settings=\"{&quot;content_width&quot;:&quot;full&quot;}\" data-core-v316-plus=\"true\">\n\t\t<div class=\"elementor-element elementor-element-5e77f9f e-con-full e-flex e-con e-child\" data-id=\"5e77f9f\" data-element_type=\"container\" data-settings=\"{&quot;content_width&quot;:&quot;full&quot;}\">\n\t\t\t\t<div class=\"elementor-element elementor-element-fe57cca elementor-widget__width-initial elementor-widget elementor-widget-text-editor\" data-id=\"fe57cca\" data-element_type=\"widget\" data-widget_type=\"text-editor.default\">\n\t\t\t\t<div class=\"elementor-widget-container\">\n\t\t\t\t\t\t\t<p style=\"text-align: justify;\">Tras la toma de datos podemos ofrecer un presupuesto preliminar a la soluci\u00f3n requerida, con su coste econ\u00f3mico previsto.<\/p>\t\t\t\t\t\t<\/div>\n\t\t\t\t<\/div>\n\t\t\t\t<\/div>\n\t\t<div class=\"elementor-element elementor-element-15792c3 e-con-full e-flex e-con e-child\" data-id=\"15792c3\" data-element_type=\"container\" data-settings=\"{&quot;content_width&quot;:&quot;full&quot;}\">\n\t\t\t\t<div class=\"elementor-element elementor-element-1f5b2a8 elementor-widget elementor-widget-spacer\" data-id=\"1f5b2a8\" data-element_type=\"widget\" data-widget_type=\"spacer.default\">\n\t\t\t\t<div class=\"elementor-widget-container\">\n\t\t\t\t\t<div class=\"elementor-spacer\">\n\t\t\t<div class=\"elementor-spacer-inner\"><\/div>\n\t\t<\/div>\n\t\t\t\t<\/div>\n\t\t\t\t<\/div>\n\t\t\t\t<div class=\"elementor-element elementor-element-089095c elementor-widget elementor-widget-image\" data-id=\"089095c\" data-element_type=\"widget\" data-widget_type=\"image.default\">\n\t\t\t\t<div class=\"elementor-widget-container\">\n\t\t\t\t\t\t\t\t\t\t\t\t\t\t\t<img loading=\"lazy\" decoding=\"async\" width=\"300\" height=\"199\" src=\"https:\/\/hylagronatura.com\/wp-content\/uploads\/2023\/10\/control-427510_1280-300x199.png\" class=\"attachment-medium size-medium wp-image-619\" alt=\"\" srcset=\"https:\/\/hylagronatura.com\/wp-content\/uploads\/2023\/10\/control-427510_1280-300x199.png 300w, https:\/\/hylagronatura.com\/wp-content\/uploads\/2023\/10\/control-427510_1280-1024x681.png 1024w, https:\/\/hylagronatura.com\/wp-content\/uploads\/2023\/10\/control-427510_1280-768x511.png 768w, https:\/\/hylagronatura.com\/wp-content\/uploads\/2023\/10\/control-427510_1280.png 1280w\" sizes=\"auto, (max-width: 300px) 100vw, 300px\" \/>\t\t\t\t\t\t\t\t\t\t\t\t\t\t\t<\/div>\n\t\t\t\t<\/div>\n\t\t\t\t<div class=\"elementor-element elementor-element-48113ae elementor-widget elementor-widget-spacer\" data-id=\"48113ae\" data-element_type=\"widget\" data-widget_type=\"spacer.default\">\n\t\t\t\t<div class=\"elementor-widget-container\">\n\t\t\t\t\t<div class=\"elementor-spacer\">\n\t\t\t<div class=\"elementor-spacer-inner\"><\/div>\n\t\t<\/div>\n\t\t\t\t<\/div>\n\t\t\t\t<\/div>\n\t\t\t\t<\/div>\n\t\t\t\t<\/div>\n\t\t<div class=\"elementor-element elementor-element-ec6c913 e-con-full e-flex e-con e-parent\" data-id=\"ec6c913\" data-element_type=\"container\" data-settings=\"{&quot;content_width&quot;:&quot;full&quot;,&quot;background_background&quot;:&quot;slideshow&quot;,&quot;background_slideshow_gallery&quot;:[{&quot;id&quot;:362,&quot;url&quot;:&quot;http:\\\/\\\/hylagronatura.com\\\/wp-content\\\/uploads\\\/2023\\\/10\\\/splashing-275950_1280-2.jpg&quot;}],&quot;background_slideshow_loop&quot;:&quot;yes&quot;,&quot;background_slideshow_slide_duration&quot;:5000,&quot;background_slideshow_slide_transition&quot;:&quot;fade&quot;,&quot;background_slideshow_transition_duration&quot;:500}\" data-core-v316-plus=\"true\">\n\t\t\t\t<div class=\"elementor-element elementor-element-84f8a61 elementor-absolute elementor-widget-mobile__width-inherit elementor-widget elementor-widget-text-editor\" data-id=\"84f8a61\" data-element_type=\"widget\" data-settings=\"{&quot;_position&quot;:&quot;absolute&quot;}\" data-widget_type=\"text-editor.default\">\n\t\t\t\t<div class=\"elementor-widget-container\">\n\t\t\t\t\t\t\t<h5 style=\"margin: 0in;\"><b><span style=\"font-size: 16.0pt;\">Soluciones de Ozono para instalaciones industriales<\/span><\/b><\/h5><p style=\"margin: 0in;\">Fabricamos generadores de ozono a medida para todo tipo de industrias.<\/p>\t\t\t\t\t\t<\/div>\n\t\t\t\t<\/div>\n\t\t\t\t<div class=\"elementor-element elementor-element-efe8935 elementor-button-info elementor-absolute elementor-align-center elementor-invisible elementor-widget elementor-widget-button\" data-id=\"efe8935\" data-element_type=\"widget\" data-settings=\"{&quot;_position&quot;:&quot;absolute&quot;,&quot;_animation&quot;:&quot;fadeInDown&quot;}\" data-widget_type=\"button.default\">\n\t\t\t\t<div class=\"elementor-widget-container\">\n\t\t\t\t\t<div class=\"elementor-button-wrapper\">\n\t\t\t<a class=\"elementor-button elementor-button-link elementor-size-sm\" href=\"https:\/\/hylagronatura.com\/index.php\/formulario-de-contacto\/\">\n\t\t\t\t\t\t<span class=\"elementor-button-content-wrapper\">\n\t\t\t\t\t\t<span class=\"elementor-button-icon elementor-align-icon-right\">\n\t\t\t\t<i aria-hidden=\"true\" class=\"far fa-envelope\"><\/i>\t\t\t<\/span>\n\t\t\t\t\t\t<span class=\"elementor-button-text\">Informaci\u00f3n<\/span>\n\t\t<\/span>\n\t\t\t\t\t<\/a>\n\t\t<\/div>\n\t\t\t\t<\/div>\n\t\t\t\t<\/div>\n\t\t\t\t<\/div>\n\t\t<div class=\"elementor-element elementor-element-4e8eef0 e-con-full e-flex e-con e-parent\" data-id=\"4e8eef0\" data-element_type=\"container\" data-settings=\"{&quot;content_width&quot;:&quot;full&quot;}\" data-core-v316-plus=\"true\">\n\t\t\t\t<div class=\"elementor-element elementor-element-689e198 elementor-widget elementor-widget-spacer\" data-id=\"689e198\" data-element_type=\"widget\" data-widget_type=\"spacer.default\">\n\t\t\t\t<div class=\"elementor-widget-container\">\n\t\t\t\t\t<div class=\"elementor-spacer\">\n\t\t\t<div class=\"elementor-spacer-inner\"><\/div>\n\t\t<\/div>\n\t\t\t\t<\/div>\n\t\t\t\t<\/div>\n\t\t\t\t<div class=\"elementor-element elementor-element-a626524 elementor-widget__width-initial elementor-widget elementor-widget-text-editor\" data-id=\"a626524\" data-element_type=\"widget\" data-widget_type=\"text-editor.default\">\n\t\t\t\t<div class=\"elementor-widget-container\">\n\t\t\t\t\t\t\t<h4><strong>Tratamiento de agua<\/strong><\/h4><p style=\"text-align: justify;\">Est\u00e1n ideados para desinfectar y esterilizar grandes cantidades de agua, tanto dep\u00f3sitos, tinacos, aljibes o pozos.<\/p><p style=\"text-align: justify;\">Son equipos con los que podr\u00e1s obtener agua ozonizada al instante y de forma extremadamente sencilla inyect\u00e1ndola mediante un tubo que entregue el gas a un difusor. Introducen el Ozono en el agua mediante aire comprimido, lo que proporciona una magn\u00edfica difusi\u00f3n del Ozono en el agua a tratar.<\/p><p style=\"text-align: justify;\">Si se utiliza un inyector Venturi mediante un circuito de recirculaci\u00f3n se conseguir\u00e1 una mejor mezcla Ozono\/agua.<\/p><p style=\"text-align: justify;\">Para balsas de agua exterior podemos calcular la necesidad de O3 a raz\u00f3n de 2 a 3 gr\/m3, dependiendo de si se dispone de mucho o poco tiempo para llevar a cabo el tratamiento de ozonizaci\u00f3n.<\/p><p style=\"text-align: justify;\">En caso de necesitar grandes cantidades de Ozono, puede servirse el equipo preparado para conectar a un sistema de aire comprimido externo, algo que permitir\u00e1 aumentar en gran medida el volumen de aire inyectado al agua. Mediante estudio previo, podemos ajustarnos a cualquier necesidad.<\/p>\t\t\t\t\t\t<\/div>\n\t\t\t\t<\/div>\n\t\t\t\t<\/div>\n\t\t\t\t\t\t\t<\/div>\n\t\t","protected":false},"excerpt":{"rendered":"<p>Fabricaci\u00f3n y venta de m\u00e1quinas de Ozono a medida Nuestros sistemas de Ozonizaci\u00f3n de alta producci\u00f3n, se usan aplicaciones de depuraci\u00f3n de aguas residuales, potabilizaci\u00f3n de agua, grandes piscifactor\u00edas, grandes sistemas de regad\u00edo, etc., fabricadas a medida de cada requerimiento. Somos partidarios de realizar instalaciones piloto cuando se trata de una aplicaci\u00f3n novedosa donde exista [&hellip;]<\/p>\n","protected":false},"author":1,"featured_media":0,"parent":0,"menu_order":0,"comment_status":"closed","ping_status":"closed","template":"","meta":{"_joinchat":[],"footnotes":""},"class_list":["post-191","page","type-page","status-publish","hentry"],"aioseo_notices":[],"_links":{"self":[{"href":"https:\/\/hylagronatura.com\/index.php\/wp-json\/wp\/v2\/pages\/191","targetHints":{"allow":["GET"]}}],"collection":[{"href":"https:\/\/hylagronatura.com\/index.php\/wp-json\/wp\/v2\/pages"}],"about":[{"href":"https:\/\/hylagronatura.com\/index.php\/wp-json\/wp\/v2\/types\/page"}],"author":[{"embeddable":true,"href":"https:\/\/hylagronatura.com\/index.php\/wp-json\/wp\/v2\/users\/1"}],"replies":[{"embeddable":true,"href":"https:\/\/hylagronatura.com\/index.php\/wp-json\/wp\/v2\/comments?post=191"}],"version-history":[{"count":50,"href":"https:\/\/hylagronatura.com\/index.php\/wp-json\/wp\/v2\/pages\/191\/revisions"}],"predecessor-version":[{"id":1321,"href":"https:\/\/hylagronatura.com\/index.php\/wp-json\/wp\/v2\/pages\/191\/revisions\/1321"}],"wp:attachment":[{"href":"https:\/\/hylagronatura.com\/index.php\/wp-json\/wp\/v2\/media?parent=191"}],"curies":[{"name":"wp","href":"https:\/\/api.w.org\/{rel}","templated":true}]}}