{"id":122,"date":"2023-10-09T19:48:57","date_gmt":"2023-10-09T17:48:57","guid":{"rendered":"https:\/\/hylagronatura.com\/?page_id=122"},"modified":"2024-01-23T13:35:47","modified_gmt":"2024-01-23T12:35:47","slug":"quienes-somos","status":"publish","type":"page","link":"https:\/\/hylagronatura.com\/index.php\/quienes-somos\/","title":{"rendered":"Quienes somos"},"content":{"rendered":"\t\t<div data-elementor-type=\"wp-page\" data-elementor-id=\"122\" class=\"elementor elementor-122\">\n\t\t\t\t\t\t\t<div class=\"elementor-element elementor-element-1117669 e-con-full e-flex e-con e-parent\" data-id=\"1117669\" data-element_type=\"container\" data-settings=\"{&quot;content_width&quot;:&quot;full&quot;}\" data-core-v316-plus=\"true\">\n\t\t<div class=\"elementor-element elementor-element-ac21c63 e-con-full e-flex e-con e-child\" data-id=\"ac21c63\" data-element_type=\"container\" data-settings=\"{&quot;content_width&quot;:&quot;full&quot;}\">\n\t\t\t\t<div class=\"elementor-element elementor-element-e6afd8b elementor-widget elementor-widget-spacer\" data-id=\"e6afd8b\" data-element_type=\"widget\" data-widget_type=\"spacer.default\">\n\t\t\t\t<div class=\"elementor-widget-container\">\n\t\t\t<style>\/*! elementor - v3.16.0 - 20-09-2023 *\/\n.elementor-column .elementor-spacer-inner{height:var(--spacer-size)}.e-con{--container-widget-width:100%}.e-con-inner>.elementor-widget-spacer,.e-con>.elementor-widget-spacer{width:var(--container-widget-width,var(--spacer-size));--align-self:var(--container-widget-align-self,initial);--flex-shrink:0}.e-con-inner>.elementor-widget-spacer>.elementor-widget-container,.e-con>.elementor-widget-spacer>.elementor-widget-container{height:100%;width:100%}.e-con-inner>.elementor-widget-spacer>.elementor-widget-container>.elementor-spacer,.e-con>.elementor-widget-spacer>.elementor-widget-container>.elementor-spacer{height:100%}.e-con-inner>.elementor-widget-spacer>.elementor-widget-container>.elementor-spacer>.elementor-spacer-inner,.e-con>.elementor-widget-spacer>.elementor-widget-container>.elementor-spacer>.elementor-spacer-inner{height:var(--container-widget-height,var(--spacer-size))}.e-con-inner>.elementor-widget-spacer.elementor-widget-empty,.e-con>.elementor-widget-spacer.elementor-widget-empty{position:relative;min-height:22px;min-width:22px}.e-con-inner>.elementor-widget-spacer.elementor-widget-empty .elementor-widget-empty-icon,.e-con>.elementor-widget-spacer.elementor-widget-empty .elementor-widget-empty-icon{position:absolute;top:0;bottom:0;left:0;right:0;margin:auto;padding:0;width:22px;height:22px}<\/style>\t\t<div class=\"elementor-spacer\">\n\t\t\t<div class=\"elementor-spacer-inner\"><\/div>\n\t\t<\/div>\n\t\t\t\t<\/div>\n\t\t\t\t<\/div>\n\t\t\t\t<div class=\"elementor-element elementor-element-2264cd1 elementor-widget elementor-widget-image\" data-id=\"2264cd1\" data-element_type=\"widget\" data-widget_type=\"image.default\">\n\t\t\t\t<div class=\"elementor-widget-container\">\n\t\t\t<style>\/*! elementor - v3.16.0 - 20-09-2023 *\/\n.elementor-widget-image{text-align:center}.elementor-widget-image a{display:inline-block}.elementor-widget-image a img[src$=\".svg\"]{width:48px}.elementor-widget-image img{vertical-align:middle;display:inline-block}<\/style>\t\t\t\t\t\t\t\t\t\t\t\t<img loading=\"lazy\" decoding=\"async\" width=\"300\" height=\"200\" src=\"https:\/\/hylagronatura.com\/wp-content\/uploads\/2023\/10\/success-4153905_1280-300x200.jpg\" class=\"attachment-medium size-medium wp-image-261\" alt=\"\" srcset=\"https:\/\/hylagronatura.com\/wp-content\/uploads\/2023\/10\/success-4153905_1280-300x200.jpg 300w, https:\/\/hylagronatura.com\/wp-content\/uploads\/2023\/10\/success-4153905_1280-1024x682.jpg 1024w, https:\/\/hylagronatura.com\/wp-content\/uploads\/2023\/10\/success-4153905_1280-768x512.jpg 768w, https:\/\/hylagronatura.com\/wp-content\/uploads\/2023\/10\/success-4153905_1280.jpg 1280w\" sizes=\"auto, (max-width: 300px) 100vw, 300px\" \/>\t\t\t\t\t\t\t\t\t\t\t\t\t\t\t<\/div>\n\t\t\t\t<\/div>\n\t\t\t\t<\/div>\n\t\t\t\t<div class=\"elementor-element elementor-element-eaff8c3 elementor-widget__width-initial elementor-widget elementor-widget-spacer\" data-id=\"eaff8c3\" data-element_type=\"widget\" data-widget_type=\"spacer.default\">\n\t\t\t\t<div class=\"elementor-widget-container\">\n\t\t\t\t\t<div class=\"elementor-spacer\">\n\t\t\t<div class=\"elementor-spacer-inner\"><\/div>\n\t\t<\/div>\n\t\t\t\t<\/div>\n\t\t\t\t<\/div>\n\t\t<div class=\"elementor-element elementor-element-e427f2b e-con-full e-flex e-con e-child\" data-id=\"e427f2b\" data-element_type=\"container\" data-settings=\"{&quot;content_width&quot;:&quot;full&quot;}\">\n\t\t\t\t<div class=\"elementor-element elementor-element-8ad8803 elementor-widget elementor-widget-spacer\" data-id=\"8ad8803\" data-element_type=\"widget\" data-widget_type=\"spacer.default\">\n\t\t\t\t<div class=\"elementor-widget-container\">\n\t\t\t\t\t<div class=\"elementor-spacer\">\n\t\t\t<div class=\"elementor-spacer-inner\"><\/div>\n\t\t<\/div>\n\t\t\t\t<\/div>\n\t\t\t\t<\/div>\n\t\t\t\t<div class=\"elementor-element elementor-element-7cdcbc5 elementor-widget__width-initial elementor-widget elementor-widget-text-editor\" data-id=\"7cdcbc5\" data-element_type=\"widget\" data-widget_type=\"text-editor.default\">\n\t\t\t\t<div class=\"elementor-widget-container\">\n\t\t\t<style>\/*! elementor - v3.16.0 - 20-09-2023 *\/\n.elementor-widget-text-editor.elementor-drop-cap-view-stacked .elementor-drop-cap{background-color:#69727d;color:#fff}.elementor-widget-text-editor.elementor-drop-cap-view-framed .elementor-drop-cap{color:#69727d;border:3px solid;background-color:transparent}.elementor-widget-text-editor:not(.elementor-drop-cap-view-default) .elementor-drop-cap{margin-top:8px}.elementor-widget-text-editor:not(.elementor-drop-cap-view-default) .elementor-drop-cap-letter{width:1em;height:1em}.elementor-widget-text-editor .elementor-drop-cap{float:left;text-align:center;line-height:1;font-size:50px}.elementor-widget-text-editor .elementor-drop-cap-letter{display:inline-block}<\/style>\t\t\t\t<p style=\"text-align: justify;\"><strong>H&amp;L AGRONATURA<\/strong>, es una empresa dedicada a la venta de\u00a0<strong>m\u00e1quinas de Ozono <\/strong>para la limpieza y desinfecci\u00f3n de todo tipo de superficies, inocuidad alimentaria, purificaci\u00f3n del agua y ambientes, con sede Santo Domingo, Rep\u00fablica Dominicana.<\/p><p style=\"text-align: justify;\">Somos fabricantes de nuestras m\u00e1quinas de ozono. Nuestro objetivo es brindar soluciones eficientes, seguras y econ\u00f3micamente rentables, garantizando la m\u00e1xima desinfecci\u00f3n sin comprometer la salud de las personas ni el medio ambiente.<\/p><p style=\"margin: 0in; text-align: justify;\">Estamos comprometidos con la satisfacci\u00f3n de nuestros clientes, por lo que nos aseguramos de brindar un servicio personalizado de calidad y confianza. Nuestra meta principal es ayudar y proporcionar seguridad a nuestros clientes en sus negocios, garantizando el buen funcionamiento de nuestros equipos, al mismo tiempo que cuidamos y preservamos nuestro entorno natural.<\/p>\t\t\t\t\t\t<\/div>\n\t\t\t\t<\/div>\n\t\t\t\t<\/div>\n\t\t\t\t<\/div>\n\t\t<div class=\"elementor-element elementor-element-dec9a8d e-flex e-con-boxed e-con e-parent\" data-id=\"dec9a8d\" data-element_type=\"container\" data-settings=\"{&quot;content_width&quot;:&quot;boxed&quot;}\" data-core-v316-plus=\"true\">\n\t\t\t\t\t<div class=\"e-con-inner\">\n\t\t\t\t<div class=\"elementor-element elementor-element-f480aa9 elementor-widget elementor-widget-spacer\" data-id=\"f480aa9\" data-element_type=\"widget\" data-widget_type=\"spacer.default\">\n\t\t\t\t<div class=\"elementor-widget-container\">\n\t\t\t\t\t<div class=\"elementor-spacer\">\n\t\t\t<div class=\"elementor-spacer-inner\"><\/div>\n\t\t<\/div>\n\t\t\t\t<\/div>\n\t\t\t\t<\/div>\n\t\t\t\t\t<\/div>\n\t\t\t\t<\/div>\n\t\t<div class=\"elementor-element elementor-element-545f1fd e-con-full e-flex e-con e-parent\" data-id=\"545f1fd\" data-element_type=\"container\" data-settings=\"{&quot;content_width&quot;:&quot;full&quot;,&quot;background_background&quot;:&quot;classic&quot;}\" data-core-v316-plus=\"true\">\n\t\t<div class=\"elementor-element elementor-element-ecdd521 e-con-full e-flex e-con e-child\" data-id=\"ecdd521\" data-element_type=\"container\" data-settings=\"{&quot;content_width&quot;:&quot;full&quot;}\">\n\t\t\t\t<div class=\"elementor-element elementor-element-a22ae0d elementor-widget elementor-widget-heading\" data-id=\"a22ae0d\" data-element_type=\"widget\" data-widget_type=\"heading.default\">\n\t\t\t\t<div class=\"elementor-widget-container\">\n\t\t\t<style>\/*! elementor - v3.16.0 - 20-09-2023 *\/\n.elementor-heading-title{padding:0;margin:0;line-height:1}.elementor-widget-heading .elementor-heading-title[class*=elementor-size-]>a{color:inherit;font-size:inherit;line-height:inherit}.elementor-widget-heading .elementor-heading-title.elementor-size-small{font-size:15px}.elementor-widget-heading .elementor-heading-title.elementor-size-medium{font-size:19px}.elementor-widget-heading .elementor-heading-title.elementor-size-large{font-size:29px}.elementor-widget-heading .elementor-heading-title.elementor-size-xl{font-size:39px}.elementor-widget-heading .elementor-heading-title.elementor-size-xxl{font-size:59px}<\/style><h2 class=\"elementor-heading-title elementor-size-default\">Misi\u00f3n <\/h2>\t\t<\/div>\n\t\t\t\t<\/div>\n\t\t\t\t<div class=\"elementor-element elementor-element-5c7def6 elementor-widget elementor-widget-text-editor\" data-id=\"5c7def6\" data-element_type=\"widget\" data-widget_type=\"text-editor.default\">\n\t\t\t\t<div class=\"elementor-widget-container\">\n\t\t\t\t\t\t\t<p style=\"text-align: center;\">Dar a nuestros clientes un producto de calidad y a la vez mantener un compromiso de conservaci\u00f3n del medio ambiente.<\/p>\t\t\t\t\t\t<\/div>\n\t\t\t\t<\/div>\n\t\t\t\t<div class=\"elementor-element elementor-element-b6d9cd5 elementor-widget elementor-widget-heading\" data-id=\"b6d9cd5\" data-element_type=\"widget\" data-widget_type=\"heading.default\">\n\t\t\t\t<div class=\"elementor-widget-container\">\n\t\t\t<h2 class=\"elementor-heading-title elementor-size-default\">Visi\u00f3n<\/h2>\t\t<\/div>\n\t\t\t\t<\/div>\n\t\t\t\t<div class=\"elementor-element elementor-element-ead2cb0 elementor-widget elementor-widget-text-editor\" data-id=\"ead2cb0\" data-element_type=\"widget\" data-widget_type=\"text-editor.default\">\n\t\t\t\t<div class=\"elementor-widget-container\">\n\t\t\t\t\t\t\t<p style=\"text-align: center;\">Queremos ser una empresa l\u00edder en el sector de la limpieza y desinfecci\u00f3n de superficies e inocuidad alimentaria, aport\u00e1ndole al pa\u00eds innovaci\u00f3n y futuro en su desarrollo.<\/p>\t\t\t\t\t\t<\/div>\n\t\t\t\t<\/div>\n\t\t\t\t<\/div>\n\t\t<div class=\"elementor-element elementor-element-741f879 e-con-full e-flex e-con e-child\" data-id=\"741f879\" data-element_type=\"container\" data-settings=\"{&quot;content_width&quot;:&quot;full&quot;}\">\n\t\t\t\t<div class=\"elementor-element elementor-element-7a9e2e5 elementor-widget elementor-widget-heading\" data-id=\"7a9e2e5\" data-element_type=\"widget\" data-widget_type=\"heading.default\">\n\t\t\t\t<div class=\"elementor-widget-container\">\n\t\t\t<h2 class=\"elementor-heading-title elementor-size-default\">Valores<\/h2>\t\t<\/div>\n\t\t\t\t<\/div>\n\t\t\t\t<div class=\"elementor-element elementor-element-faddfb7 elementor-widget__width-initial elementor-widget elementor-widget-text-editor\" data-id=\"faddfb7\" data-element_type=\"widget\" data-widget_type=\"text-editor.default\">\n\t\t\t\t<div class=\"elementor-widget-container\">\n\t\t\t\t\t\t\t<p style=\"text-align: center;\">Para <strong>H&amp;L AGRONATURA,<\/strong> lo m\u00e1s importante es ofrecer a nuestros clientes:<\/p><ul><li style=\"text-align: left;\">Profesionalidad<\/li><li style=\"text-align: left;\">Compromiso<\/li><li style=\"text-align: left;\">Atenci\u00f3n al cliente personalizada en sus necesidades<\/li><li style=\"text-align: left;\">Seguridad<\/li><li style=\"text-align: left;\">Garant\u00eda\u00a0<\/li><\/ul>\t\t\t\t\t\t<\/div>\n\t\t\t\t<\/div>\n\t\t\t\t<\/div>\n\t\t\t\t<\/div>\n\t\t<div class=\"elementor-element elementor-element-266f7f8 e-flex e-con-boxed e-con e-parent\" data-id=\"266f7f8\" data-element_type=\"container\" data-settings=\"{&quot;content_width&quot;:&quot;boxed&quot;}\" data-core-v316-plus=\"true\">\n\t\t\t\t\t<div class=\"e-con-inner\">\n\t\t\t\t<div class=\"elementor-element elementor-element-0523f26 elementor-widget elementor-widget-spacer\" data-id=\"0523f26\" data-element_type=\"widget\" data-widget_type=\"spacer.default\">\n\t\t\t\t<div class=\"elementor-widget-container\">\n\t\t\t\t\t<div class=\"elementor-spacer\">\n\t\t\t<div class=\"elementor-spacer-inner\"><\/div>\n\t\t<\/div>\n\t\t\t\t<\/div>\n\t\t\t\t<\/div>\n\t\t\t\t\t<\/div>\n\t\t\t\t<\/div>\n\t\t<div class=\"elementor-element elementor-element-544bc1d e-con-full e-flex elementor-invisible e-con e-parent\" data-id=\"544bc1d\" data-element_type=\"container\" data-settings=\"{&quot;content_width&quot;:&quot;full&quot;,&quot;background_background&quot;:&quot;classic&quot;,&quot;animation&quot;:&quot;fadeInDown&quot;}\" data-core-v316-plus=\"true\">\n\t\t\t\t<div class=\"elementor-element elementor-element-1e60399 elementor-widget elementor-widget-heading\" data-id=\"1e60399\" data-element_type=\"widget\" data-widget_type=\"heading.default\">\n\t\t\t\t<div class=\"elementor-widget-container\">\n\t\t\t<h2 class=\"elementor-heading-title elementor-size-default\">Nuestro compromiso como empresa<\/h2>\t\t<\/div>\n\t\t\t\t<\/div>\n\t\t\t\t<\/div>\n\t\t<div class=\"elementor-element elementor-element-38b4eb9 e-con-full e-flex e-con e-parent\" data-id=\"38b4eb9\" data-element_type=\"container\" data-settings=\"{&quot;content_width&quot;:&quot;full&quot;}\" data-core-v316-plus=\"true\">\n\t\t<div class=\"elementor-element elementor-element-c94b815 e-con-full e-flex e-con e-child\" data-id=\"c94b815\" data-element_type=\"container\" data-settings=\"{&quot;content_width&quot;:&quot;full&quot;}\">\n\t\t\t\t<div class=\"elementor-element elementor-element-bc6a3c5 elementor-widget elementor-widget-spacer\" data-id=\"bc6a3c5\" data-element_type=\"widget\" data-widget_type=\"spacer.default\">\n\t\t\t\t<div class=\"elementor-widget-container\">\n\t\t\t\t\t<div class=\"elementor-spacer\">\n\t\t\t<div class=\"elementor-spacer-inner\"><\/div>\n\t\t<\/div>\n\t\t\t\t<\/div>\n\t\t\t\t<\/div>\n\t\t\t\t<\/div>\n\t\t\t\t<div class=\"elementor-element elementor-element-fd308e2 elementor-widget__width-initial elementor-widget elementor-widget-text-editor\" data-id=\"fd308e2\" data-element_type=\"widget\" data-widget_type=\"text-editor.default\">\n\t\t\t\t<div class=\"elementor-widget-container\">\n\t\t\t\t\t\t\t<p style=\"text-align: left;\">Los Generadores de H&amp;L AGRONATURA, est\u00e1n dise\u00f1ados y fabricados \u00edntegramente en nuestras instalaciones, con la m\u00e1s moderna tecnolog\u00eda y la garant\u00eda que solo una empresa con m\u00e1s de 30 a\u00f1os de experiencia en el sector puede aportar.<\/p>\t\t\t\t\t\t<\/div>\n\t\t\t\t<\/div>\n\t\t\t\t<\/div>\n\t\t<div class=\"elementor-element elementor-element-4da28f3 e-con-full e-flex e-con e-parent\" data-id=\"4da28f3\" data-element_type=\"container\" data-settings=\"{&quot;content_width&quot;:&quot;full&quot;}\" data-core-v316-plus=\"true\">\n\t\t\t\t<div class=\"elementor-element elementor-element-63d9639 elementor-widget elementor-widget-spacer\" data-id=\"63d9639\" data-element_type=\"widget\" data-widget_type=\"spacer.default\">\n\t\t\t\t<div class=\"elementor-widget-container\">\n\t\t\t\t\t<div class=\"elementor-spacer\">\n\t\t\t<div class=\"elementor-spacer-inner\"><\/div>\n\t\t<\/div>\n\t\t\t\t<\/div>\n\t\t\t\t<\/div>\n\t\t\t\t<div class=\"elementor-element elementor-element-5e4b2f7 elementor-widget elementor-widget-heading\" data-id=\"5e4b2f7\" data-element_type=\"widget\" data-widget_type=\"heading.default\">\n\t\t\t\t<div class=\"elementor-widget-container\">\n\t\t\t<h2 class=\"elementor-heading-title elementor-size-medium\">Beneficios de la limpieza ecol\u00f3gica<\/h2>\t\t<\/div>\n\t\t\t\t<\/div>\n\t\t\t\t<div class=\"elementor-element elementor-element-974af57 elementor-widget elementor-widget-spacer\" data-id=\"974af57\" data-element_type=\"widget\" data-widget_type=\"spacer.default\">\n\t\t\t\t<div class=\"elementor-widget-container\">\n\t\t\t\t\t<div class=\"elementor-spacer\">\n\t\t\t<div class=\"elementor-spacer-inner\"><\/div>\n\t\t<\/div>\n\t\t\t\t<\/div>\n\t\t\t\t<\/div>\n\t\t\t\t<div class=\"elementor-element elementor-element-0eba773 elementor-widget elementor-widget-text-editor\" data-id=\"0eba773\" data-element_type=\"widget\" data-widget_type=\"text-editor.default\">\n\t\t\t\t<div class=\"elementor-widget-container\">\n\t\t\t\t\t\t\t<p>La limpieza ecol\u00f3gica contribuye a la preservaci\u00f3n del medio ambiente, evita riesgos laborales y consigue una desinfecci\u00f3n m\u00e1s eficaz que muchos productos qu\u00edmicos, sumando una reducci\u00f3n de costes a su negocio.<\/p>\t\t\t\t\t\t<\/div>\n\t\t\t\t<\/div>\n\t\t\t\t<\/div>\n\t\t<div class=\"elementor-element elementor-element-96075ea e-con-full e-flex e-con e-parent\" data-id=\"96075ea\" data-element_type=\"container\" data-settings=\"{&quot;content_width&quot;:&quot;full&quot;}\" data-core-v316-plus=\"true\">\n\t\t\t\t<div class=\"elementor-element elementor-element-a26b778 elementor-widget elementor-widget-heading\" data-id=\"a26b778\" data-element_type=\"widget\" data-widget_type=\"heading.default\">\n\t\t\t\t<div class=\"elementor-widget-container\">\n\t\t\t<h2 class=\"elementor-heading-title elementor-size-medium\">Compromiso con la sostenibilidad<\/h2>\t\t<\/div>\n\t\t\t\t<\/div>\n\t\t\t\t<div class=\"elementor-element elementor-element-9a7f512 elementor-widget elementor-widget-spacer\" data-id=\"9a7f512\" data-element_type=\"widget\" data-widget_type=\"spacer.default\">\n\t\t\t\t<div class=\"elementor-widget-container\">\n\t\t\t\t\t<div class=\"elementor-spacer\">\n\t\t\t<div class=\"elementor-spacer-inner\"><\/div>\n\t\t<\/div>\n\t\t\t\t<\/div>\n\t\t\t\t<\/div>\n\t\t\t\t<div class=\"elementor-element elementor-element-c7a4d51 elementor-widget elementor-widget-text-editor\" data-id=\"c7a4d51\" data-element_type=\"widget\" data-widget_type=\"text-editor.default\">\n\t\t\t\t<div class=\"elementor-widget-container\">\n\t\t\t\t\t\t\t<p style=\"text-align: justify;\">Como empresa ecol\u00f3gica, estamos comprometidos con la sostenibilidad en todas nuestras operaciones. No solo ofrecemos servicios de limpieza ecol\u00f3gica, sino que tambi\u00e9n nos esforzamos en informar a nuestros clientes y la comunidad sobre la importancia de adoptar pr\u00e1cticas sostenibles en su vida diaria.<\/p><p style=\"text-align: justify;\">Trabajamos en estrecha colaboraci\u00f3n con proveedores que comparten nuestros valores y se adhieren a est\u00e1ndares ecol\u00f3gicos. Juntos, buscamos promover un cambio positivo hacia un mundo m\u00e1s limpio y saludable.<\/p>\t\t\t\t\t\t<\/div>\n\t\t\t\t<\/div>\n\t\t\t\t<\/div>\n\t\t<div class=\"elementor-element elementor-element-d8cd8da e-con-full e-flex e-con e-parent\" data-id=\"d8cd8da\" data-element_type=\"container\" data-settings=\"{&quot;content_width&quot;:&quot;full&quot;,&quot;background_background&quot;:&quot;slideshow&quot;,&quot;background_slideshow_gallery&quot;:[{&quot;id&quot;:426,&quot;url&quot;:&quot;http:\\\/\\\/hylagronatura.com\\\/wp-content\\\/uploads\\\/2023\\\/10\\\/startup-3373320_1280-e1697714856649.png&quot;}],&quot;background_slideshow_loop&quot;:&quot;yes&quot;,&quot;background_slideshow_slide_duration&quot;:5000,&quot;background_slideshow_slide_transition&quot;:&quot;fade&quot;,&quot;background_slideshow_transition_duration&quot;:500}\" data-core-v316-plus=\"true\">\n\t\t\t\t<div class=\"elementor-element elementor-element-f706a11 elementor-widget__width-initial elementor-invisible elementor-widget elementor-widget-text-editor\" data-id=\"f706a11\" data-element_type=\"widget\" data-settings=\"{&quot;_animation&quot;:&quot;fadeInDown&quot;}\" data-widget_type=\"text-editor.default\">\n\t\t\t\t<div class=\"elementor-widget-container\">\n\t\t\t\t\t\t\t<p style=\"text-align: center;\">Solicita informaci\u00f3n de nuestros equipos. Evaluaremos sus necesidades y ofreceremos la mejor soluci\u00f3n para su negocio.\u00a0<\/p>\t\t\t\t\t\t<\/div>\n\t\t\t\t<\/div>\n\t\t\t\t<div class=\"elementor-element elementor-element-95fee1a elementor-widget__width-initial elementor-invisible elementor-widget elementor-widget-text-editor\" data-id=\"95fee1a\" data-element_type=\"widget\" data-settings=\"{&quot;_animation&quot;:&quot;fadeInDown&quot;}\" data-widget_type=\"text-editor.default\">\n\t\t\t\t<div class=\"elementor-widget-container\">\n\t\t\t\t\t\t\t<p style=\"text-align: center;\">Pide informaci\u00f3n sin compromiso, te garantizamos una reducci\u00f3n costes y mayor seguridad en la desinfecci\u00f3n e higiene de tu empresa.<\/p>\t\t\t\t\t\t<\/div>\n\t\t\t\t<\/div>\n\t\t\t\t<\/div>\n\t\t\t\t\t\t\t<\/div>\n\t\t","protected":false},"excerpt":{"rendered":"<p>H&amp;L AGRONATURA, es una empresa dedicada a la venta de\u00a0m\u00e1quinas de Ozono para la limpieza y desinfecci\u00f3n de todo tipo de superficies, inocuidad alimentaria, purificaci\u00f3n del agua y ambientes, con sede Santo Domingo, Rep\u00fablica Dominicana. Somos fabricantes de nuestras m\u00e1quinas de ozono. Nuestro objetivo es brindar soluciones eficientes, seguras y econ\u00f3micamente rentables, garantizando la m\u00e1xima [&hellip;]<\/p>\n","protected":false},"author":1,"featured_media":0,"parent":0,"menu_order":0,"comment_status":"closed","ping_status":"closed","template":"","meta":{"_joinchat":[],"footnotes":""},"class_list":["post-122","page","type-page","status-publish","hentry"],"aioseo_notices":[],"_links":{"self":[{"href":"https:\/\/hylagronatura.com\/index.php\/wp-json\/wp\/v2\/pages\/122","targetHints":{"allow":["GET"]}}],"collection":[{"href":"https:\/\/hylagronatura.com\/index.php\/wp-json\/wp\/v2\/pages"}],"about":[{"href":"https:\/\/hylagronatura.com\/index.php\/wp-json\/wp\/v2\/types\/page"}],"author":[{"embeddable":true,"href":"https:\/\/hylagronatura.com\/index.php\/wp-json\/wp\/v2\/users\/1"}],"replies":[{"embeddable":true,"href":"https:\/\/hylagronatura.com\/index.php\/wp-json\/wp\/v2\/comments?post=122"}],"version-history":[{"count":117,"href":"https:\/\/hylagronatura.com\/index.php\/wp-json\/wp\/v2\/pages\/122\/revisions"}],"predecessor-version":[{"id":1318,"href":"https:\/\/hylagronatura.com\/index.php\/wp-json\/wp\/v2\/pages\/122\/revisions\/1318"}],"wp:attachment":[{"href":"https:\/\/hylagronatura.com\/index.php\/wp-json\/wp\/v2\/media?parent=122"}],"curies":[{"name":"wp","href":"https:\/\/api.w.org\/{rel}","templated":true}]}}